{"id":4560,"date":"2026-01-07T06:10:22","date_gmt":"2026-01-06T21:10:22","guid":{"rendered":"https:\/\/www.anamaclaren.com\/?post_type=product&#038;p=4560"},"modified":"2026-04-10T12:14:44","modified_gmt":"2026-04-10T03:14:44","slug":"peruca-mira","status":"publish","type":"product","link":"https:\/\/www.anamaclaren.com\/?product=peruca-mira","title":{"rendered":"Guerreiras do K-POP &#8211; Peruca Mira"},"content":{"rendered":"<p><img decoding=\"async\" loading=\"lazy\" class=\"alignnone size-thumbnail wp-image-4562\" src=\"https:\/\/i0.wp.com\/www.anamaclaren.com\/wp-content\/uploads\/2026\/01\/peruca-mira-2-2.jpg?resize=150%2C150&#038;ssl=1\" alt=\"\" width=\"150\" height=\"150\" srcset=\"https:\/\/i0.wp.com\/www.anamaclaren.com\/wp-content\/uploads\/2026\/01\/peruca-mira-2-2-scaled.jpg?resize=150%2C150&amp;ssl=1 150w, https:\/\/i0.wp.com\/www.anamaclaren.com\/wp-content\/uploads\/2026\/01\/peruca-mira-2-2-scaled.jpg?resize=300%2C300&amp;ssl=1 300w, https:\/\/i0.wp.com\/www.anamaclaren.com\/wp-content\/uploads\/2026\/01\/peruca-mira-2-2-scaled.jpg?resize=100%2C100&amp;ssl=1 100w, https:\/\/i0.wp.com\/www.anamaclaren.com\/wp-content\/uploads\/2026\/01\/peruca-mira-2-2-scaled.jpg?resize=50%2C50&amp;ssl=1 50w, https:\/\/i0.wp.com\/www.anamaclaren.com\/wp-content\/uploads\/2026\/01\/peruca-mira-2-2-scaled.jpg?zoom=3&amp;resize=150%2C150&amp;ssl=1 450w\" sizes=\"(max-width: 150px) 100vw, 150px\" data-recalc-dims=\"1\" \/><\/p>\n<p>A peruca foi confeccionada em molde de ator masculino. Todo o contorno e grande parte da peruca foi feita no lace.<\/p>\n<p>Para finalizar e que tenha o encaixe 100%, deve ser feito o molde da cabe\u00e7a (casquete) e ser enviado para o nosso ateli\u00ea em S\u00e3o Paulo.<\/p>\n","protected":false},"excerpt":{"rendered":"<p><img decoding=\"async\" loading=\"lazy\" class=\"alignnone size-thumbnail wp-image-4563\" src=\"https:\/\/www.anamaclaren.com\/wp-content\/uploads\/2026\/01\/mira-2-atras-150x150.jpg\" alt=\"\" width=\"150\" height=\"150\" srcset=\"https:\/\/i0.wp.com\/www.anamaclaren.com\/wp-content\/uploads\/2026\/01\/mira-2-atras-scaled.jpg?resize=150%2C150&amp;ssl=1 150w, https:\/\/i0.wp.com\/www.anamaclaren.com\/wp-content\/uploads\/2026\/01\/mira-2-atras-scaled.jpg?resize=300%2C300&amp;ssl=1 300w, https:\/\/i0.wp.com\/www.anamaclaren.com\/wp-content\/uploads\/2026\/01\/mira-2-atras-scaled.jpg?resize=100%2C100&amp;ssl=1 100w, https:\/\/i0.wp.com\/www.anamaclaren.com\/wp-content\/uploads\/2026\/01\/mira-2-atras-scaled.jpg?resize=50%2C50&amp;ssl=1 50w, https:\/\/i0.wp.com\/www.anamaclaren.com\/wp-content\/uploads\/2026\/01\/mira-2-atras-scaled.jpg?zoom=3&amp;resize=150%2C150&amp;ssl=1 450w\" sizes=\"(max-width: 150px) 100vw, 150px\" \/><\/p>\n","protected":false},"featured_media":4562,"comment_status":"open","ping_status":"closed","template":"","meta":{"jetpack_post_was_ever_published":false,"jetpack_publicize_message":"","jetpack_is_tweetstorm":false,"jetpack_publicize_feature_enabled":true,"jetpack_social_post_already_shared":true,"jetpack_social_options":{"image_generator_settings":{"template":"highway","enabled":false}}},"product_cat":[190],"product_tag":[748],"jetpack_publicize_connections":[],"jetpack_sharing_enabled":true,"_links":{"self":[{"href":"https:\/\/www.anamaclaren.com\/index.php?rest_route=\/wp\/v2\/product\/4560"}],"collection":[{"href":"https:\/\/www.anamaclaren.com\/index.php?rest_route=\/wp\/v2\/product"}],"about":[{"href":"https:\/\/www.anamaclaren.com\/index.php?rest_route=\/wp\/v2\/types\/product"}],"replies":[{"embeddable":true,"href":"https:\/\/www.anamaclaren.com\/index.php?rest_route=%2Fwp%2Fv2%2Fcomments&post=4560"}],"wp:featuredmedia":[{"embeddable":true,"href":"https:\/\/www.anamaclaren.com\/index.php?rest_route=\/wp\/v2\/media\/4562"}],"wp:attachment":[{"href":"https:\/\/www.anamaclaren.com\/index.php?rest_route=%2Fwp%2Fv2%2Fmedia&parent=4560"}],"wp:term":[{"taxonomy":"product_cat","embeddable":true,"href":"https:\/\/www.anamaclaren.com\/index.php?rest_route=%2Fwp%2Fv2%2Fproduct_cat&post=4560"},{"taxonomy":"product_tag","embeddable":true,"href":"https:\/\/www.anamaclaren.com\/index.php?rest_route=%2Fwp%2Fv2%2Fproduct_tag&post=4560"}],"curies":[{"name":"wp","href":"https:\/\/api.w.org\/{rel}","templated":true}]}}