{"id":4481,"date":"2025-04-14T23:30:24","date_gmt":"2025-04-14T14:30:24","guid":{"rendered":"https:\/\/www.anamaclaren.com\/?post_type=product&#038;p=4481"},"modified":"2026-04-21T00:39:04","modified_gmt":"2026-04-20T15:39:04","slug":"barba-grisalha-clara-aparada","status":"publish","type":"product","link":"https:\/\/www.anamaclaren.com\/?product=barba-grisalha-clara-aparada","title":{"rendered":"Barba Grisalha Clara Aparada obiwan&#038;StarWars"},"content":{"rendered":"<p><img decoding=\"async\" loading=\"lazy\" class=\"alignnone size-thumbnail wp-image-4483\" src=\"https:\/\/i0.wp.com\/www.anamaclaren.com\/wp-content\/uploads\/2025\/04\/20250411_205030.jpg?resize=150%2C150&#038;ssl=1\" alt=\"\" width=\"150\" height=\"150\" srcset=\"https:\/\/i0.wp.com\/www.anamaclaren.com\/wp-content\/uploads\/2025\/04\/20250411_205030-scaled.jpg?resize=150%2C150&amp;ssl=1 150w, https:\/\/i0.wp.com\/www.anamaclaren.com\/wp-content\/uploads\/2025\/04\/20250411_205030-scaled.jpg?resize=300%2C300&amp;ssl=1 300w, https:\/\/i0.wp.com\/www.anamaclaren.com\/wp-content\/uploads\/2025\/04\/20250411_205030-scaled.jpg?resize=1024%2C1024&amp;ssl=1 1024w, https:\/\/i0.wp.com\/www.anamaclaren.com\/wp-content\/uploads\/2025\/04\/20250411_205030-scaled.jpg?resize=768%2C768&amp;ssl=1 768w, https:\/\/i0.wp.com\/www.anamaclaren.com\/wp-content\/uploads\/2025\/04\/20250411_205030-scaled.jpg?resize=1536%2C1536&amp;ssl=1 1536w, https:\/\/i0.wp.com\/www.anamaclaren.com\/wp-content\/uploads\/2025\/04\/20250411_205030-scaled.jpg?resize=2048%2C2048&amp;ssl=1 2048w, https:\/\/i0.wp.com\/www.anamaclaren.com\/wp-content\/uploads\/2025\/04\/20250411_205030-scaled.jpg?resize=600%2C600&amp;ssl=1 600w, https:\/\/i0.wp.com\/www.anamaclaren.com\/wp-content\/uploads\/2025\/04\/20250411_205030-scaled.jpg?resize=100%2C100&amp;ssl=1 100w, https:\/\/i0.wp.com\/www.anamaclaren.com\/wp-content\/uploads\/2025\/04\/20250411_205030-scaled.jpg?resize=50%2C50&amp;ssl=1 50w, https:\/\/i0.wp.com\/www.anamaclaren.com\/wp-content\/uploads\/2025\/04\/20250411_205030-scaled.jpg?w=1280&amp;ssl=1 1280w, https:\/\/i0.wp.com\/www.anamaclaren.com\/wp-content\/uploads\/2025\/04\/20250411_205030-scaled.jpg?w=1920&amp;ssl=1 1920w\" sizes=\"(max-width: 150px) 100vw, 150px\" data-recalc-dims=\"1\" \/><\/p>\n<p>Cosplayer&amp;ator Ot\u00e1vio Lopes como obiwan-zen #StarWars<\/p>\n<p><span style=\"color: #ff0000;\"><strong><em>1 semana para confec\u00e7\u00e3o a depender da agenda<\/em><\/strong><\/span><\/p>\n","protected":false},"excerpt":{"rendered":"<p>Cosplayer&amp;ator Ot\u00e1vio Lopes como obiwan-zen #StarWars 1 semana para confec\u00e7\u00e3o a depender da agenda<\/p>\n","protected":false},"featured_media":4483,"comment_status":"open","ping_status":"closed","template":"","meta":{"jetpack_post_was_ever_published":false,"jetpack_publicize_message":"","jetpack_is_tweetstorm":false,"jetpack_publicize_feature_enabled":true,"jetpack_social_post_already_shared":true,"jetpack_social_options":{"image_generator_settings":{"template":"highway","enabled":false}}},"product_cat":[740,177],"product_tag":[],"jetpack_publicize_connections":[],"jetpack_sharing_enabled":true,"_links":{"self":[{"href":"https:\/\/www.anamaclaren.com\/index.php?rest_route=\/wp\/v2\/product\/4481"}],"collection":[{"href":"https:\/\/www.anamaclaren.com\/index.php?rest_route=\/wp\/v2\/product"}],"about":[{"href":"https:\/\/www.anamaclaren.com\/index.php?rest_route=\/wp\/v2\/types\/product"}],"replies":[{"embeddable":true,"href":"https:\/\/www.anamaclaren.com\/index.php?rest_route=%2Fwp%2Fv2%2Fcomments&post=4481"}],"wp:featuredmedia":[{"embeddable":true,"href":"https:\/\/www.anamaclaren.com\/index.php?rest_route=\/wp\/v2\/media\/4483"}],"wp:attachment":[{"href":"https:\/\/www.anamaclaren.com\/index.php?rest_route=%2Fwp%2Fv2%2Fmedia&parent=4481"}],"wp:term":[{"taxonomy":"product_cat","embeddable":true,"href":"https:\/\/www.anamaclaren.com\/index.php?rest_route=%2Fwp%2Fv2%2Fproduct_cat&post=4481"},{"taxonomy":"product_tag","embeddable":true,"href":"https:\/\/www.anamaclaren.com\/index.php?rest_route=%2Fwp%2Fv2%2Fproduct_tag&post=4481"}],"curies":[{"name":"wp","href":"https:\/\/api.w.org\/{rel}","templated":true}]}}