{"id":4378,"date":"2024-10-03T05:39:37","date_gmt":"2024-10-02T20:39:37","guid":{"rendered":"https:\/\/www.anamaclaren.com\/?post_type=product&#038;p=4378"},"modified":"2025-03-08T23:41:41","modified_gmt":"2025-03-08T14:41:41","slug":"cola-spirit-gum-ben-nye-28ml","status":"publish","type":"product","link":"https:\/\/www.anamaclaren.com\/?product=cola-spirit-gum-ben-nye-28ml","title":{"rendered":"Cola spirit Gum Ben Nye 29ml"},"content":{"rendered":"<p><img decoding=\"async\" loading=\"lazy\" class=\"alignnone size-thumbnail wp-image-4379\" src=\"https:\/\/i0.wp.com\/www.anamaclaren.com\/wp-content\/uploads\/2024\/10\/Spirit-gum-Ben-N-29ml.jpg?resize=150%2C150&#038;ssl=1\" alt=\"\" width=\"150\" height=\"150\" srcset=\"https:\/\/i0.wp.com\/www.anamaclaren.com\/wp-content\/uploads\/2024\/10\/Spirit-gum-Ben-N-29ml-scaled.jpg?resize=150%2C150&amp;ssl=1 150w, https:\/\/i0.wp.com\/www.anamaclaren.com\/wp-content\/uploads\/2024\/10\/Spirit-gum-Ben-N-29ml-scaled.jpg?resize=300%2C300&amp;ssl=1 300w, https:\/\/i0.wp.com\/www.anamaclaren.com\/wp-content\/uploads\/2024\/10\/Spirit-gum-Ben-N-29ml-scaled.jpg?resize=100%2C100&amp;ssl=1 100w, https:\/\/i0.wp.com\/www.anamaclaren.com\/wp-content\/uploads\/2024\/10\/Spirit-gum-Ben-N-29ml-scaled.jpg?resize=50%2C50&amp;ssl=1 50w, https:\/\/i0.wp.com\/www.anamaclaren.com\/wp-content\/uploads\/2024\/10\/Spirit-gum-Ben-N-29ml-scaled.jpg?zoom=3&amp;resize=150%2C150&amp;ssl=1 450w\" sizes=\"(max-width: 150px) 100vw, 150px\" data-recalc-dims=\"1\" \/>Pre\u00e7o reajustado conforme varia\u00e7\u00e3o do d\u00f3lar<\/p>\n<p>Consulte nosso pre\u00e7o pelo whatsapp 55 11 99215 2567<\/p>\n","protected":false},"excerpt":{"rendered":"<p>Pre\u00e7o reajustado conforme varia\u00e7\u00e3o do d\u00f3lar Consulte nosso pre\u00e7o pelo whatsapp 55 11 99215 2567<\/p>\n","protected":false},"featured_media":4379,"comment_status":"open","ping_status":"closed","template":"","meta":{"jetpack_post_was_ever_published":false,"jetpack_publicize_message":"","jetpack_is_tweetstorm":false,"jetpack_publicize_feature_enabled":true,"jetpack_social_post_already_shared":true,"jetpack_social_options":{"image_generator_settings":{"template":"highway","enabled":false}}},"product_cat":[257],"product_tag":[736,289,589,590],"jetpack_publicize_connections":[],"jetpack_sharing_enabled":true,"_links":{"self":[{"href":"https:\/\/www.anamaclaren.com\/index.php?rest_route=\/wp\/v2\/product\/4378"}],"collection":[{"href":"https:\/\/www.anamaclaren.com\/index.php?rest_route=\/wp\/v2\/product"}],"about":[{"href":"https:\/\/www.anamaclaren.com\/index.php?rest_route=\/wp\/v2\/types\/product"}],"replies":[{"embeddable":true,"href":"https:\/\/www.anamaclaren.com\/index.php?rest_route=%2Fwp%2Fv2%2Fcomments&post=4378"}],"wp:featuredmedia":[{"embeddable":true,"href":"https:\/\/www.anamaclaren.com\/index.php?rest_route=\/wp\/v2\/media\/4379"}],"wp:attachment":[{"href":"https:\/\/www.anamaclaren.com\/index.php?rest_route=%2Fwp%2Fv2%2Fmedia&parent=4378"}],"wp:term":[{"taxonomy":"product_cat","embeddable":true,"href":"https:\/\/www.anamaclaren.com\/index.php?rest_route=%2Fwp%2Fv2%2Fproduct_cat&post=4378"},{"taxonomy":"product_tag","embeddable":true,"href":"https:\/\/www.anamaclaren.com\/index.php?rest_route=%2Fwp%2Fv2%2Fproduct_tag&post=4378"}],"curies":[{"name":"wp","href":"https:\/\/api.w.org\/{rel}","templated":true}]}}