{"id":4162,"date":"2023-10-04T07:15:40","date_gmt":"2023-10-03T22:15:40","guid":{"rendered":"https:\/\/www.anamaclaren.com\/?post_type=product&#038;p=4162"},"modified":"2026-04-10T12:13:10","modified_gmt":"2026-04-10T03:13:10","slug":"kit-papai-noel","status":"publish","type":"product","link":"https:\/\/www.anamaclaren.com\/?product=kit-papai-noel","title":{"rendered":"Kit Papai Noel"},"content":{"rendered":"<p><img decoding=\"async\" loading=\"lazy\" class=\"alignnone size-thumbnail wp-image-4163\" src=\"https:\/\/i0.wp.com\/www.anamaclaren.com\/wp-content\/uploads\/2023\/10\/20231003_190843-1.jpg?resize=150%2C150&#038;ssl=1\" alt=\"\" width=\"150\" height=\"150\" srcset=\"https:\/\/i0.wp.com\/www.anamaclaren.com\/wp-content\/uploads\/2023\/10\/20231003_190843-1-scaled.jpg?resize=150%2C150&amp;ssl=1 150w, https:\/\/i0.wp.com\/www.anamaclaren.com\/wp-content\/uploads\/2023\/10\/20231003_190843-1-scaled.jpg?resize=300%2C300&amp;ssl=1 300w, https:\/\/i0.wp.com\/www.anamaclaren.com\/wp-content\/uploads\/2023\/10\/20231003_190843-1-scaled.jpg?resize=100%2C100&amp;ssl=1 100w, https:\/\/i0.wp.com\/www.anamaclaren.com\/wp-content\/uploads\/2023\/10\/20231003_190843-1-scaled.jpg?resize=50%2C50&amp;ssl=1 50w, https:\/\/i0.wp.com\/www.anamaclaren.com\/wp-content\/uploads\/2023\/10\/20231003_190843-1-scaled.jpg?zoom=3&amp;resize=150%2C150&amp;ssl=1 450w\" sizes=\"(max-width: 150px) 100vw, 150px\" data-recalc-dims=\"1\" \/><\/p>\n<p>Valores: Enviar solicita\u00e7\u00e3o por email<\/p>\n<p>atendimento@anamaclaren.com<\/p>\n<blockquote class=\"tiktok-embed\" cite=\"https:\/\/www.tiktok.com\/@anamaclarenzt\/video\/7284347492450323718\" data-video-id=\"7284347492450323718\" data-embed-from=\"oembed\" style=\"max-width:605px; min-width:325px;\">\n<section> <a target=\"_blank\" title=\"@anamaclarenzt\" href=\"https:\/\/www.tiktok.com\/@anamaclarenzt?refer=embed\">@anamaclarenzt<\/a> <\/p>\n<p>Restaura\u00e7\u00e3o terminada. Santa Claus aprovou, se n\u00e3o estivesse tudo como ele queria, as confec\u00e7\u00f5es nem sairiam do ateli\u00ea.  As orelhinhas e narizes dos gnomos ainda est\u00e3o na bancada. <a title=\"christmans2023\" target=\"_blank\" href=\"https:\/\/www.tiktok.com\/tag\/christmans2023?refer=embed\">#Christmans2023<\/a> <a title=\"maclarenmakeupefeitos\" target=\"_blank\" href=\"https:\/\/www.tiktok.com\/tag\/maclarenmakeupefeitos?refer=embed\">#maclarenmakeupefeitos<\/a> <\/p>\n<p> <a target=\"_blank\" title=\"\u266c Christmas Magic - Background Music Lab\" href=\"https:\/\/www.tiktok.com\/music\/Christmas-Magic-7023648952702011394?refer=embed\">\u266c Christmas Magic &#8211; Background Music Lab<\/a> <\/section>\n<\/blockquote>\n<p> <script async src=\"https:\/\/www.tiktok.com\/embed.js\"><\/script><\/p>\n","protected":false},"excerpt":{"rendered":"<p>Valores: Enviar solicita\u00e7\u00e3o por email atendimento@anamaclaren.com @anamaclarenzt Restaura\u00e7\u00e3o terminada. Santa Claus aprovou, se n\u00e3o estivesse tudo como ele queria, as confec\u00e7\u00f5es nem sairiam do ateli\u00ea. As orelhinhas e narizes dos<\/p>\n","protected":false},"featured_media":4163,"comment_status":"open","ping_status":"closed","template":"","meta":{"jetpack_post_was_ever_published":false,"jetpack_publicize_message":"","jetpack_is_tweetstorm":false,"jetpack_publicize_feature_enabled":true,"jetpack_social_post_already_shared":true,"jetpack_social_options":{"image_generator_settings":{"template":"highway","enabled":false}}},"product_cat":[177,178,190,643],"product_tag":[],"jetpack_publicize_connections":[],"jetpack_sharing_enabled":true,"_links":{"self":[{"href":"https:\/\/www.anamaclaren.com\/index.php?rest_route=\/wp\/v2\/product\/4162"}],"collection":[{"href":"https:\/\/www.anamaclaren.com\/index.php?rest_route=\/wp\/v2\/product"}],"about":[{"href":"https:\/\/www.anamaclaren.com\/index.php?rest_route=\/wp\/v2\/types\/product"}],"replies":[{"embeddable":true,"href":"https:\/\/www.anamaclaren.com\/index.php?rest_route=%2Fwp%2Fv2%2Fcomments&post=4162"}],"wp:featuredmedia":[{"embeddable":true,"href":"https:\/\/www.anamaclaren.com\/index.php?rest_route=\/wp\/v2\/media\/4163"}],"wp:attachment":[{"href":"https:\/\/www.anamaclaren.com\/index.php?rest_route=%2Fwp%2Fv2%2Fmedia&parent=4162"}],"wp:term":[{"taxonomy":"product_cat","embeddable":true,"href":"https:\/\/www.anamaclaren.com\/index.php?rest_route=%2Fwp%2Fv2%2Fproduct_cat&post=4162"},{"taxonomy":"product_tag","embeddable":true,"href":"https:\/\/www.anamaclaren.com\/index.php?rest_route=%2Fwp%2Fv2%2Fproduct_tag&post=4162"}],"curies":[{"name":"wp","href":"https:\/\/api.w.org\/{rel}","templated":true}]}}