{"id":3832,"date":"2023-04-11T12:17:05","date_gmt":"2023-04-11T03:17:05","guid":{"rendered":"https:\/\/www.anamaclaren.com\/?post_type=product&#038;p=3832"},"modified":"2023-05-10T05:47:37","modified_gmt":"2023-05-09T20:47:37","slug":"conjunto-de-barba-bigode-sobrancelhas-e-perucas","status":"publish","type":"product","link":"https:\/\/www.anamaclaren.com\/?product=conjunto-de-barba-bigode-sobrancelhas-e-perucas","title":{"rendered":"Conjunto de Barba, Bigode, Sobrancelhas e Peruca &#8211; Loca\u00e7\u00e3o"},"content":{"rendered":"<p><img decoding=\"async\" loading=\"lazy\" class=\"alignnone size-thumbnail wp-image-3833\" src=\"https:\/\/i0.wp.com\/www.anamaclaren.com\/wp-content\/uploads\/2023\/04\/Papai-Noel-Marquese.png?resize=150%2C150&#038;ssl=1\" alt=\"\" width=\"150\" height=\"150\" srcset=\"https:\/\/i0.wp.com\/www.anamaclaren.com\/wp-content\/uploads\/2023\/04\/Papai-Noel-Marquese.png?resize=150%2C150&amp;ssl=1 150w, https:\/\/i0.wp.com\/www.anamaclaren.com\/wp-content\/uploads\/2023\/04\/Papai-Noel-Marquese.png?resize=300%2C300&amp;ssl=1 300w, https:\/\/i0.wp.com\/www.anamaclaren.com\/wp-content\/uploads\/2023\/04\/Papai-Noel-Marquese.png?resize=100%2C100&amp;ssl=1 100w, https:\/\/i0.wp.com\/www.anamaclaren.com\/wp-content\/uploads\/2023\/04\/Papai-Noel-Marquese.png?resize=50%2C50&amp;ssl=1 50w, https:\/\/i0.wp.com\/www.anamaclaren.com\/wp-content\/uploads\/2023\/04\/Papai-Noel-Marquese.png?zoom=3&amp;resize=150%2C150&amp;ssl=1 450w\" sizes=\"(max-width: 150px) 100vw, 150px\" data-recalc-dims=\"1\" \/><\/p>\n<p>Santa Claus para o Natal do Grupo Savegnago de Ribeir\u00e3o Preto &#8211; SP. Brazil nov 2017. Ator e diretor Antonio Roberto Marchese.<\/p>\n<p>Produ\u00e7\u00e3o: Ilha Cross Midia.<\/p>\n<p>&nbsp;<\/p>\n","protected":false},"excerpt":{"rendered":"<p>Santa Claus para o Natal do Grupo Savegnago de Ribeir\u00e3o Preto &#8211; SP. Brazil nov 2017. Ator e diretor Antonio Roberto Marchese. Produ\u00e7\u00e3o: Ilha Cross Midia. &nbsp;<\/p>\n","protected":false},"featured_media":3833,"comment_status":"open","ping_status":"closed","template":"","meta":{"jetpack_post_was_ever_published":false,"jetpack_publicize_message":"","jetpack_is_tweetstorm":false,"jetpack_publicize_feature_enabled":true,"jetpack_social_post_already_shared":true,"jetpack_social_options":{"image_generator_settings":{"template":"highway","enabled":false}}},"product_cat":[177,178,643],"product_tag":[],"jetpack_publicize_connections":[],"jetpack_sharing_enabled":true,"_links":{"self":[{"href":"https:\/\/www.anamaclaren.com\/index.php?rest_route=\/wp\/v2\/product\/3832"}],"collection":[{"href":"https:\/\/www.anamaclaren.com\/index.php?rest_route=\/wp\/v2\/product"}],"about":[{"href":"https:\/\/www.anamaclaren.com\/index.php?rest_route=\/wp\/v2\/types\/product"}],"replies":[{"embeddable":true,"href":"https:\/\/www.anamaclaren.com\/index.php?rest_route=%2Fwp%2Fv2%2Fcomments&post=3832"}],"wp:featuredmedia":[{"embeddable":true,"href":"https:\/\/www.anamaclaren.com\/index.php?rest_route=\/wp\/v2\/media\/3833"}],"wp:attachment":[{"href":"https:\/\/www.anamaclaren.com\/index.php?rest_route=%2Fwp%2Fv2%2Fmedia&parent=3832"}],"wp:term":[{"taxonomy":"product_cat","embeddable":true,"href":"https:\/\/www.anamaclaren.com\/index.php?rest_route=%2Fwp%2Fv2%2Fproduct_cat&post=3832"},{"taxonomy":"product_tag","embeddable":true,"href":"https:\/\/www.anamaclaren.com\/index.php?rest_route=%2Fwp%2Fv2%2Fproduct_tag&post=3832"}],"curies":[{"name":"wp","href":"https:\/\/api.w.org\/{rel}","templated":true}]}}