{"id":3633,"date":"2022-05-22T08:37:52","date_gmt":"2022-05-21T23:37:52","guid":{"rendered":"https:\/\/www.anamaclaren.com\/?post_type=product&#038;p=3633"},"modified":"2025-09-04T22:42:44","modified_gmt":"2025-09-04T13:42:44","slug":"barba-e-bigode-gustavo-lima","status":"publish","type":"product","link":"https:\/\/www.anamaclaren.com\/?product=barba-e-bigode-gustavo-lima","title":{"rendered":"Barba e Bigode Gustavo Lima (confec\u00e7\u00e3o 5 dias \u00fateis)"},"content":{"rendered":"<p><img decoding=\"async\" loading=\"lazy\" class=\"alignnone size-medium wp-image-3640\" src=\"https:\/\/i0.wp.com\/www.anamaclaren.com\/wp-content\/uploads\/2022\/05\/barba-Gustavo-Lima-ultima.jpg?resize=225%2C300&#038;ssl=1\" alt=\"\" width=\"225\" height=\"300\" srcset=\"https:\/\/i0.wp.com\/www.anamaclaren.com\/wp-content\/uploads\/2022\/05\/barba-Gustavo-Lima-ultima-scaled.jpg?resize=225%2C300&amp;ssl=1 225w, https:\/\/i0.wp.com\/www.anamaclaren.com\/wp-content\/uploads\/2022\/05\/barba-Gustavo-Lima-ultima-scaled.jpg?resize=768%2C1024&amp;ssl=1 768w, https:\/\/i0.wp.com\/www.anamaclaren.com\/wp-content\/uploads\/2022\/05\/barba-Gustavo-Lima-ultima-scaled.jpg?resize=1152%2C1536&amp;ssl=1 1152w, https:\/\/i0.wp.com\/www.anamaclaren.com\/wp-content\/uploads\/2022\/05\/barba-Gustavo-Lima-ultima-scaled.jpg?resize=1536%2C2048&amp;ssl=1 1536w, https:\/\/i0.wp.com\/www.anamaclaren.com\/wp-content\/uploads\/2022\/05\/barba-Gustavo-Lima-ultima-scaled.jpg?resize=600%2C800&amp;ssl=1 600w, https:\/\/i0.wp.com\/www.anamaclaren.com\/wp-content\/uploads\/2022\/05\/barba-Gustavo-Lima-ultima-scaled.jpg?w=1920&amp;ssl=1 1920w, https:\/\/i0.wp.com\/www.anamaclaren.com\/wp-content\/uploads\/2022\/05\/barba-Gustavo-Lima-ultima-scaled.jpg?w=1280&amp;ssl=1 1280w\" sizes=\"(max-width: 225px) 100vw, 225px\" data-recalc-dims=\"1\" \/>o ator precisa enviar o molde do maxilar (Damos as orienta\u00e7\u00f5es online)<\/p>\n<p><span class=\"embed-youtube\" style=\"text-align:center; display: block;\"><iframe loading=\"lazy\" class=\"youtube-player\" width=\"640\" height=\"360\" src=\"https:\/\/www.youtube.com\/embed\/14C28JSO-sg?version=3&#038;rel=1&#038;showsearch=0&#038;showinfo=1&#038;iv_load_policy=1&#038;fs=1&#038;hl=en-US&#038;autohide=2&#038;wmode=transparent\" allowfullscreen=\"true\" style=\"border:0;\" sandbox=\"allow-scripts allow-same-origin allow-popups allow-presentation\"><\/iframe><\/span><\/p>\n","protected":false},"excerpt":{"rendered":"<p><img decoding=\"async\" loading=\"lazy\" class=\"alignnone size-medium wp-image-3639\" src=\"https:\/\/www.anamaclaren.com\/wp-content\/uploads\/2022\/05\/Gustavo-Lima-300x288.png\" alt=\"\" width=\"300\" height=\"288\" srcset=\"https:\/\/i0.wp.com\/www.anamaclaren.com\/wp-content\/uploads\/2022\/05\/Gustavo-Lima.png?resize=300%2C288&amp;ssl=1 300w, https:\/\/i0.wp.com\/www.anamaclaren.com\/wp-content\/uploads\/2022\/05\/Gustavo-Lima.png?w=515&amp;ssl=1 515w\" sizes=\"(max-width: 300px) 100vw, 300px\" \/><\/p>\n","protected":false},"featured_media":3640,"comment_status":"open","ping_status":"closed","template":"","meta":{"jetpack_post_was_ever_published":false,"jetpack_publicize_message":"","jetpack_is_tweetstorm":false,"jetpack_publicize_feature_enabled":true,"jetpack_social_post_already_shared":true,"jetpack_social_options":{"image_generator_settings":{"template":"highway","enabled":false}}},"product_cat":[177],"product_tag":[597,282,599,598],"jetpack_publicize_connections":[],"jetpack_sharing_enabled":true,"_links":{"self":[{"href":"https:\/\/www.anamaclaren.com\/index.php?rest_route=\/wp\/v2\/product\/3633"}],"collection":[{"href":"https:\/\/www.anamaclaren.com\/index.php?rest_route=\/wp\/v2\/product"}],"about":[{"href":"https:\/\/www.anamaclaren.com\/index.php?rest_route=\/wp\/v2\/types\/product"}],"replies":[{"embeddable":true,"href":"https:\/\/www.anamaclaren.com\/index.php?rest_route=%2Fwp%2Fv2%2Fcomments&post=3633"}],"wp:featuredmedia":[{"embeddable":true,"href":"https:\/\/www.anamaclaren.com\/index.php?rest_route=\/wp\/v2\/media\/3640"}],"wp:attachment":[{"href":"https:\/\/www.anamaclaren.com\/index.php?rest_route=%2Fwp%2Fv2%2Fmedia&parent=3633"}],"wp:term":[{"taxonomy":"product_cat","embeddable":true,"href":"https:\/\/www.anamaclaren.com\/index.php?rest_route=%2Fwp%2Fv2%2Fproduct_cat&post=3633"},{"taxonomy":"product_tag","embeddable":true,"href":"https:\/\/www.anamaclaren.com\/index.php?rest_route=%2Fwp%2Fv2%2Fproduct_tag&post=3633"}],"curies":[{"name":"wp","href":"https:\/\/api.w.org\/{rel}","templated":true}]}}