{"id":3413,"date":"2021-07-03T21:46:38","date_gmt":"2021-07-03T12:46:38","guid":{"rendered":"https:\/\/www.anamaclaren.com\/?post_type=product&#038;p=3413"},"modified":"2021-07-05T03:58:49","modified_gmt":"2021-07-04T18:58:49","slug":"chifre-a-bela-e-a-fera","status":"publish","type":"product","link":"https:\/\/www.anamaclaren.com\/?product=chifre-a-bela-e-a-fera","title":{"rendered":"Chifre A Bela e a Fera"},"content":{"rendered":"<p><img decoding=\"async\" loading=\"lazy\" class=\"alignnone size-medium wp-image-3414\" src=\"https:\/\/i0.wp.com\/www.anamaclaren.com\/wp-content\/uploads\/2021\/07\/Chifre-a-Bela-e-a-Fera.png?resize=300%2C143&#038;ssl=1\" alt=\"\" width=\"300\" height=\"143\" srcset=\"https:\/\/i0.wp.com\/www.anamaclaren.com\/wp-content\/uploads\/2021\/07\/Chifre-a-Bela-e-a-Fera.png?resize=300%2C143&amp;ssl=1 300w, https:\/\/i0.wp.com\/www.anamaclaren.com\/wp-content\/uploads\/2021\/07\/Chifre-a-Bela-e-a-Fera.png?w=355&amp;ssl=1 355w\" sizes=\"(max-width: 300px) 100vw, 300px\" data-recalc-dims=\"1\" \/><\/p>\n","protected":false},"excerpt":{"rendered":"<p>Produto confeccionado em arame e fita crepe para a aplica\u00e7\u00e3o como tiara. \u00d3timo para o Bal\u00e9. Dispon\u00edvel para aluguel. entrar em contato pelo whatsapp.<\/p>\n","protected":false},"featured_media":3414,"comment_status":"open","ping_status":"closed","template":"","meta":{"jetpack_post_was_ever_published":false,"jetpack_publicize_message":"","jetpack_is_tweetstorm":false,"jetpack_publicize_feature_enabled":true,"jetpack_social_post_already_shared":true,"jetpack_social_options":{"image_generator_settings":{"template":"highway","enabled":false}}},"product_cat":[237,269],"product_tag":[516,517,515],"jetpack_publicize_connections":[],"jetpack_sharing_enabled":true,"_links":{"self":[{"href":"https:\/\/www.anamaclaren.com\/index.php?rest_route=\/wp\/v2\/product\/3413"}],"collection":[{"href":"https:\/\/www.anamaclaren.com\/index.php?rest_route=\/wp\/v2\/product"}],"about":[{"href":"https:\/\/www.anamaclaren.com\/index.php?rest_route=\/wp\/v2\/types\/product"}],"replies":[{"embeddable":true,"href":"https:\/\/www.anamaclaren.com\/index.php?rest_route=%2Fwp%2Fv2%2Fcomments&post=3413"}],"wp:featuredmedia":[{"embeddable":true,"href":"https:\/\/www.anamaclaren.com\/index.php?rest_route=\/wp\/v2\/media\/3414"}],"wp:attachment":[{"href":"https:\/\/www.anamaclaren.com\/index.php?rest_route=%2Fwp%2Fv2%2Fmedia&parent=3413"}],"wp:term":[{"taxonomy":"product_cat","embeddable":true,"href":"https:\/\/www.anamaclaren.com\/index.php?rest_route=%2Fwp%2Fv2%2Fproduct_cat&post=3413"},{"taxonomy":"product_tag","embeddable":true,"href":"https:\/\/www.anamaclaren.com\/index.php?rest_route=%2Fwp%2Fv2%2Fproduct_tag&post=3413"}],"curies":[{"name":"wp","href":"https:\/\/api.w.org\/{rel}","templated":true}]}}