{"id":3231,"date":"2020-12-03T02:53:54","date_gmt":"2020-12-02T17:53:54","guid":{"rendered":"https:\/\/www.anamaclaren.com\/?post_type=product&#038;p=3231"},"modified":"2023-07-20T06:30:18","modified_gmt":"2023-07-19T21:30:18","slug":"removedor-de-colas","status":"publish","type":"product","link":"https:\/\/www.anamaclaren.com\/?product=removedor-de-colas","title":{"rendered":"Removedor de colas, C 22, Walker Tape"},"content":{"rendered":"<p><img decoding=\"async\" loading=\"lazy\" class=\"alignnone size-medium wp-image-3232\" src=\"https:\/\/i0.wp.com\/www.anamaclaren.com\/wp-content\/uploads\/2020\/12\/SmartSelect_20201202-143801_Gallery-1.jpg?resize=300%2C300&#038;ssl=1\" alt=\"\" width=\"300\" height=\"300\" srcset=\"https:\/\/i0.wp.com\/www.anamaclaren.com\/wp-content\/uploads\/2020\/12\/SmartSelect_20201202-143801_Gallery-1.jpg?resize=300%2C300&amp;ssl=1 300w, https:\/\/i0.wp.com\/www.anamaclaren.com\/wp-content\/uploads\/2020\/12\/SmartSelect_20201202-143801_Gallery-1.jpg?resize=1021%2C1024&amp;ssl=1 1021w, https:\/\/i0.wp.com\/www.anamaclaren.com\/wp-content\/uploads\/2020\/12\/SmartSelect_20201202-143801_Gallery-1.jpg?resize=150%2C150&amp;ssl=1 150w, https:\/\/i0.wp.com\/www.anamaclaren.com\/wp-content\/uploads\/2020\/12\/SmartSelect_20201202-143801_Gallery-1.jpg?resize=768%2C770&amp;ssl=1 768w, https:\/\/i0.wp.com\/www.anamaclaren.com\/wp-content\/uploads\/2020\/12\/SmartSelect_20201202-143801_Gallery-1.jpg?resize=600%2C602&amp;ssl=1 600w, https:\/\/i0.wp.com\/www.anamaclaren.com\/wp-content\/uploads\/2020\/12\/SmartSelect_20201202-143801_Gallery-1.jpg?resize=100%2C100&amp;ssl=1 100w, https:\/\/i0.wp.com\/www.anamaclaren.com\/wp-content\/uploads\/2020\/12\/SmartSelect_20201202-143801_Gallery-1.jpg?resize=50%2C50&amp;ssl=1 50w, https:\/\/i0.wp.com\/www.anamaclaren.com\/wp-content\/uploads\/2020\/12\/SmartSelect_20201202-143801_Gallery-1.jpg?w=1063&amp;ssl=1 1063w\" sizes=\"(max-width: 300px) 100vw, 300px\" data-recalc-dims=\"1\" \/>Ideal para remover a cola pros-aid e colas de silicone. Pre\u00e7o por unidade. Entrega s\u00f3 para S\u00e3o Paulo, Capital. Para outros Estados ter\u00e1 reajuste de frete.<\/p>\n<p>REMOVEDORES C22 SOLVENTE SPRAY.<\/p>\n<p>O Removedor C-22 Solvent de fitas e colas para Pr\u00f3teses Capilares, \u00e9 um produto n\u00e3o t\u00f3xico e biodegrad\u00e1vel fabricado com \u00f3leos essenciais de laranja, o que proporciona um refrescante aroma c\u00edtrico. Possui 118ml.<br \/>\nDe a\u00e7\u00e3o mais efetiva, o novo removedor da Walker Tape possui excelente capacidade de remover res\u00edduos de cola e fitas adesivas. Utilizando o Removedor C-22 voc\u00ea reduz o tempo de limpeza e realiza o trabalho com mais facilidade.<\/p>\n<p>Instru\u00e7\u00f5es de uso:<br \/>\nLimpe o res\u00edduo com o Removedor C-22 com um papel. Tempo de rea\u00e7\u00e3o em apenas 1 minuto (dependendo do ac\u00famulo de adesivo).<br \/>\nEste produto \u00e9 muito suave na pele, enxague com \u00e1gua e sab\u00e3o. Se necess\u00e1rio repita a opera\u00e7\u00e3o.1<\/p>\n<p>Precau\u00e7\u00f5es:<br \/>\n&#8211; Mantenha longe do alcance de crian\u00e7as.<br \/>\n&#8211; N\u00e3o ingerir. Caso ocorra ingest\u00e3o, n\u00e3o provocar v\u00f4mito, procure assist\u00eancia m\u00e9dica.<br \/>\n&#8211; Em contato com os olhos, lave-os com \u00e1gua corrente.<br \/>\n&#8211; Caso ocorra irrita\u00e7\u00e3o ou alergia na pele, suspenda o uso.<br \/>\n&#8211; Produto Inflam\u00e1vel. Mantenha longe de chama ou calor em excesso.<\/p>\n<p>Conserva\u00e7\u00e3o:<br \/>\nMantenha o produto em local fresco, em temperatura inferior a 40\u00b0C.<\/p>\n<p>Contra-Indica\u00e7\u00e3o:<br \/>\nO produto \u00e9 contra-indicado a pessoas que tem hipersensibilidade aos componentes da f\u00f3rmula e que possuem hist\u00f3rico de rea\u00e7\u00f5es al\u00e9rgicas.<\/p>\n<p>&nbsp;<\/p>\n","protected":false},"excerpt":{"rendered":"<p>Ideal para remover a cola pros-aid e colas de silicone. Pre\u00e7o por unidade. Entrega s\u00f3 para S\u00e3o Paulo, Capital. Para outros Estados ter\u00e1 reajuste de frete. REMOVEDORES C22 SOLVENTE SPRAY.<\/p>\n","protected":false},"featured_media":3232,"comment_status":"open","ping_status":"closed","template":"","meta":{"jetpack_post_was_ever_published":false,"jetpack_publicize_message":"","jetpack_is_tweetstorm":false,"jetpack_publicize_feature_enabled":true,"jetpack_social_post_already_shared":true,"jetpack_social_options":{"image_generator_settings":{"template":"highway","enabled":false}}},"product_cat":[257,261],"product_tag":[566,567],"jetpack_publicize_connections":[],"jetpack_sharing_enabled":true,"_links":{"self":[{"href":"https:\/\/www.anamaclaren.com\/index.php?rest_route=\/wp\/v2\/product\/3231"}],"collection":[{"href":"https:\/\/www.anamaclaren.com\/index.php?rest_route=\/wp\/v2\/product"}],"about":[{"href":"https:\/\/www.anamaclaren.com\/index.php?rest_route=\/wp\/v2\/types\/product"}],"replies":[{"embeddable":true,"href":"https:\/\/www.anamaclaren.com\/index.php?rest_route=%2Fwp%2Fv2%2Fcomments&post=3231"}],"wp:featuredmedia":[{"embeddable":true,"href":"https:\/\/www.anamaclaren.com\/index.php?rest_route=\/wp\/v2\/media\/3232"}],"wp:attachment":[{"href":"https:\/\/www.anamaclaren.com\/index.php?rest_route=%2Fwp%2Fv2%2Fmedia&parent=3231"}],"wp:term":[{"taxonomy":"product_cat","embeddable":true,"href":"https:\/\/www.anamaclaren.com\/index.php?rest_route=%2Fwp%2Fv2%2Fproduct_cat&post=3231"},{"taxonomy":"product_tag","embeddable":true,"href":"https:\/\/www.anamaclaren.com\/index.php?rest_route=%2Fwp%2Fv2%2Fproduct_tag&post=3231"}],"curies":[{"name":"wp","href":"https:\/\/api.w.org\/{rel}","templated":true}]}}