{"id":3219,"date":"2020-11-29T03:19:06","date_gmt":"2020-11-28T18:19:06","guid":{"rendered":"https:\/\/www.anamaclaren.com\/?post_type=product&#038;p=3219"},"modified":"2025-09-04T23:13:01","modified_gmt":"2025-09-04T14:13:01","slug":"bigodao-rustico","status":"publish","type":"product","link":"https:\/\/www.anamaclaren.com\/?product=bigodao-rustico","title":{"rendered":"Bigod\u00e3o R\u00fastico"},"content":{"rendered":"<p><img decoding=\"async\" loading=\"lazy\" class=\"alignnone size-medium wp-image-3220\" src=\"https:\/\/i0.wp.com\/www.anamaclaren.com\/wp-content\/uploads\/2020\/11\/Bigodao.png?resize=229%2C300&#038;ssl=1\" alt=\"\" width=\"229\" height=\"300\" srcset=\"https:\/\/i0.wp.com\/www.anamaclaren.com\/wp-content\/uploads\/2020\/11\/Bigodao.png?resize=229%2C300&amp;ssl=1 229w, https:\/\/i0.wp.com\/www.anamaclaren.com\/wp-content\/uploads\/2020\/11\/Bigodao.png?w=543&amp;ssl=1 543w\" sizes=\"(max-width: 229px) 100vw, 229px\" data-recalc-dims=\"1\" \/>1 dia para a confec\u00e7\u00e3o a partir da aprova\u00e7\u00e3o do cliente.<\/p>\n","protected":false},"excerpt":{"rendered":"<p>1 dia para a confec\u00e7\u00e3o a partir da aprova\u00e7\u00e3o do cliente.<\/p>\n","protected":false},"featured_media":3220,"comment_status":"open","ping_status":"closed","template":"","meta":{"jetpack_post_was_ever_published":false,"jetpack_publicize_message":"","jetpack_is_tweetstorm":false,"jetpack_publicize_feature_enabled":true,"jetpack_social_post_already_shared":true,"jetpack_social_options":{"image_generator_settings":{"template":"highway","enabled":false}}},"product_cat":[178],"product_tag":[242,572,573],"jetpack_publicize_connections":[],"jetpack_sharing_enabled":true,"_links":{"self":[{"href":"https:\/\/www.anamaclaren.com\/index.php?rest_route=\/wp\/v2\/product\/3219"}],"collection":[{"href":"https:\/\/www.anamaclaren.com\/index.php?rest_route=\/wp\/v2\/product"}],"about":[{"href":"https:\/\/www.anamaclaren.com\/index.php?rest_route=\/wp\/v2\/types\/product"}],"replies":[{"embeddable":true,"href":"https:\/\/www.anamaclaren.com\/index.php?rest_route=%2Fwp%2Fv2%2Fcomments&post=3219"}],"wp:featuredmedia":[{"embeddable":true,"href":"https:\/\/www.anamaclaren.com\/index.php?rest_route=\/wp\/v2\/media\/3220"}],"wp:attachment":[{"href":"https:\/\/www.anamaclaren.com\/index.php?rest_route=%2Fwp%2Fv2%2Fmedia&parent=3219"}],"wp:term":[{"taxonomy":"product_cat","embeddable":true,"href":"https:\/\/www.anamaclaren.com\/index.php?rest_route=%2Fwp%2Fv2%2Fproduct_cat&post=3219"},{"taxonomy":"product_tag","embeddable":true,"href":"https:\/\/www.anamaclaren.com\/index.php?rest_route=%2Fwp%2Fv2%2Fproduct_tag&post=3219"}],"curies":[{"name":"wp","href":"https:\/\/api.w.org\/{rel}","templated":true}]}}