{"id":3207,"date":"2020-11-28T22:58:47","date_gmt":"2020-11-28T13:58:47","guid":{"rendered":"https:\/\/www.anamaclaren.com\/?post_type=product&#038;p=3207"},"modified":"2023-04-10T21:53:18","modified_gmt":"2023-04-10T12:53:18","slug":"barba-naufrago","status":"publish","type":"product","link":"https:\/\/www.anamaclaren.com\/?product=barba-naufrago","title":{"rendered":"Barba N\u00e1ufrago"},"content":{"rendered":"","protected":false},"excerpt":{"rendered":"<p><img decoding=\"async\" loading=\"lazy\" class=\"alignnone size-medium wp-image-3209\" src=\"https:\/\/www.anamaclaren.com\/wp-content\/uploads\/2020\/11\/Big-barba-3-232x300.png\" alt=\"\" width=\"232\" height=\"300\" srcset=\"https:\/\/i0.wp.com\/www.anamaclaren.com\/wp-content\/uploads\/2020\/11\/Big-barba-3.png?resize=232%2C300&amp;ssl=1 232w, https:\/\/i0.wp.com\/www.anamaclaren.com\/wp-content\/uploads\/2020\/11\/Big-barba-3.png?w=494&amp;ssl=1 494w\" sizes=\"(max-width: 232px) 100vw, 232px\" \/><\/p>\n<p>Refer\u00eancia para a caracteriza\u00e7\u00e3o. De 30 cm a 45 cm de comprimento. 6 dias \u00fateis para confeccionar. Pre\u00e7o para tamanho do maxilar muito grande \u00e9 de R$1.500,00.<\/p>\n<p>O pre\u00e7o do tamanho para maxilar pequeno \u00e9 de R$750,00.<\/p>\n<p>Aplica\u00e7\u00e3o: Pode colar com a fita adesiva em regi\u00f5es mais afastadas das bordas. Com a cola pode usar no acabamento. Fa\u00e7a o ponto de contato entre a pele e a tela. Obs: O ponto de contato \u00e9 como colar f\u00f3rmica ( primeiro passa uma fina camada da cola na pele e depois uma fina camada na tela. Espera um pouco para o \u00e9ter evapor e depois fixa um no outro, Cada cola tem sua especificidade.<\/p>\n<p>Para a manuten\u00e7\u00e3o, depois que tirar a barba do rosto, pode deix\u00e1-la embebida no \u00e1lcool mais puro num pote (tipo de sorvete) fechado, para diluir a resina e sair sem prejudicar a tela. Pode deixar por uns trinta minutos. Depois secar e guardar. Depois de v\u00e1rias manuten\u00e7\u00f5es pode hidratar a tela com \u00f3leo mineral. Sempre um trabalho delicado.<\/p>\n","protected":false},"featured_media":3211,"comment_status":"open","ping_status":"closed","template":"","meta":{"jetpack_post_was_ever_published":false,"jetpack_publicize_message":"","jetpack_is_tweetstorm":false,"jetpack_publicize_feature_enabled":true,"jetpack_social_post_already_shared":true,"jetpack_social_options":{"image_generator_settings":{"template":"highway","enabled":false}}},"product_cat":[177],"product_tag":[],"jetpack_publicize_connections":[],"jetpack_sharing_enabled":true,"_links":{"self":[{"href":"https:\/\/www.anamaclaren.com\/index.php?rest_route=\/wp\/v2\/product\/3207"}],"collection":[{"href":"https:\/\/www.anamaclaren.com\/index.php?rest_route=\/wp\/v2\/product"}],"about":[{"href":"https:\/\/www.anamaclaren.com\/index.php?rest_route=\/wp\/v2\/types\/product"}],"replies":[{"embeddable":true,"href":"https:\/\/www.anamaclaren.com\/index.php?rest_route=%2Fwp%2Fv2%2Fcomments&post=3207"}],"wp:featuredmedia":[{"embeddable":true,"href":"https:\/\/www.anamaclaren.com\/index.php?rest_route=\/wp\/v2\/media\/3211"}],"wp:attachment":[{"href":"https:\/\/www.anamaclaren.com\/index.php?rest_route=%2Fwp%2Fv2%2Fmedia&parent=3207"}],"wp:term":[{"taxonomy":"product_cat","embeddable":true,"href":"https:\/\/www.anamaclaren.com\/index.php?rest_route=%2Fwp%2Fv2%2Fproduct_cat&post=3207"},{"taxonomy":"product_tag","embeddable":true,"href":"https:\/\/www.anamaclaren.com\/index.php?rest_route=%2Fwp%2Fv2%2Fproduct_tag&post=3207"}],"curies":[{"name":"wp","href":"https:\/\/api.w.org\/{rel}","templated":true}]}}