{"id":3180,"date":"2020-11-23T11:21:04","date_gmt":"2020-11-23T02:21:04","guid":{"rendered":"https:\/\/www.anamaclaren.com\/?post_type=product&#038;p=3180"},"modified":"2020-11-23T11:23:32","modified_gmt":"2020-11-23T02:23:32","slug":"peruca-dr-agildo","status":"publish","type":"product","link":"https:\/\/www.anamaclaren.com\/?product=peruca-dr-agildo","title":{"rendered":"Peruca Dr. Agildo."},"content":{"rendered":"<p><img decoding=\"async\" loading=\"lazy\" class=\"alignnone size-medium wp-image-3181\" src=\"https:\/\/i0.wp.com\/www.anamaclaren.com\/wp-content\/uploads\/2020\/11\/Peruca-Dr.-Agildo.png?resize=216%2C300&#038;ssl=1\" alt=\"\" width=\"216\" height=\"300\" srcset=\"https:\/\/i0.wp.com\/www.anamaclaren.com\/wp-content\/uploads\/2020\/11\/Peruca-Dr.-Agildo.png?resize=216%2C300&amp;ssl=1 216w, https:\/\/i0.wp.com\/www.anamaclaren.com\/wp-content\/uploads\/2020\/11\/Peruca-Dr.-Agildo.png?w=518&amp;ssl=1 518w\" sizes=\"(max-width: 216px) 100vw, 216px\" data-recalc-dims=\"1\" \/>Refer\u00eancia. Implante fio a fio 50% e Saias costuradas 50%. 14 dias para confec\u00e7\u00e3o. Cabelo Humano brasileiro. Entrar em contato com ana.maclaren@gmail.com<\/p>\n","protected":false},"excerpt":{"rendered":"<p>Refer\u00eancia. Implante fio a fio 50% e Saias costuradas 50%. 14 dias para confec\u00e7\u00e3o. Cabelo Humano brasileiro. Entrar em contato com ana.maclaren@gmail.com<\/p>\n","protected":false},"featured_media":3181,"comment_status":"open","ping_status":"closed","template":"","meta":{"jetpack_post_was_ever_published":false,"jetpack_publicize_message":"","jetpack_is_tweetstorm":false,"jetpack_publicize_feature_enabled":true,"jetpack_social_post_already_shared":true,"jetpack_social_options":{"image_generator_settings":{"template":"highway","enabled":false}}},"product_cat":[190],"product_tag":[],"jetpack_publicize_connections":[],"jetpack_sharing_enabled":true,"_links":{"self":[{"href":"https:\/\/www.anamaclaren.com\/index.php?rest_route=\/wp\/v2\/product\/3180"}],"collection":[{"href":"https:\/\/www.anamaclaren.com\/index.php?rest_route=\/wp\/v2\/product"}],"about":[{"href":"https:\/\/www.anamaclaren.com\/index.php?rest_route=\/wp\/v2\/types\/product"}],"replies":[{"embeddable":true,"href":"https:\/\/www.anamaclaren.com\/index.php?rest_route=%2Fwp%2Fv2%2Fcomments&post=3180"}],"wp:featuredmedia":[{"embeddable":true,"href":"https:\/\/www.anamaclaren.com\/index.php?rest_route=\/wp\/v2\/media\/3181"}],"wp:attachment":[{"href":"https:\/\/www.anamaclaren.com\/index.php?rest_route=%2Fwp%2Fv2%2Fmedia&parent=3180"}],"wp:term":[{"taxonomy":"product_cat","embeddable":true,"href":"https:\/\/www.anamaclaren.com\/index.php?rest_route=%2Fwp%2Fv2%2Fproduct_cat&post=3180"},{"taxonomy":"product_tag","embeddable":true,"href":"https:\/\/www.anamaclaren.com\/index.php?rest_route=%2Fwp%2Fv2%2Fproduct_tag&post=3180"}],"curies":[{"name":"wp","href":"https:\/\/api.w.org\/{rel}","templated":true}]}}