{"id":3100,"date":"2020-09-02T05:13:13","date_gmt":"2020-09-01T20:13:13","guid":{"rendered":"https:\/\/www.anamaclaren.com\/?post_type=product&#038;p=3100"},"modified":"2026-05-05T20:54:35","modified_gmt":"2026-05-05T11:54:35","slug":"cavanhaque-branco-com-fios-castanhos","status":"publish","type":"product","link":"https:\/\/www.anamaclaren.com\/?product=cavanhaque-branco-com-fios-castanhos","title":{"rendered":"Cavanhaque branco com fios castanhos."},"content":{"rendered":"<p><img decoding=\"async\" loading=\"lazy\" class=\"alignnone size-medium wp-image-3101\" src=\"https:\/\/i0.wp.com\/www.anamaclaren.com\/wp-content\/uploads\/2020\/09\/Cavanhaque-branco.png?resize=282%2C300&#038;ssl=1\" alt=\"\" width=\"282\" height=\"300\" srcset=\"https:\/\/i0.wp.com\/www.anamaclaren.com\/wp-content\/uploads\/2020\/09\/Cavanhaque-branco.png?resize=282%2C300&amp;ssl=1 282w, https:\/\/i0.wp.com\/www.anamaclaren.com\/wp-content\/uploads\/2020\/09\/Cavanhaque-branco.png?w=590&amp;ssl=1 590w\" sizes=\"(max-width: 282px) 100vw, 282px\" data-recalc-dims=\"1\" \/><\/p>\n","protected":false},"excerpt":{"rendered":"<p>Refer\u00eancia da nossa confec\u00e7\u00e3o.\u00a0 3 a 4 dias para confeccionar a partir da chegada da medida. Excelente para filmagens e fotos.<\/p>\n","protected":false},"featured_media":3101,"comment_status":"open","ping_status":"closed","template":"","meta":{"jetpack_post_was_ever_published":false,"jetpack_publicize_message":"","jetpack_is_tweetstorm":false,"jetpack_publicize_feature_enabled":true,"jetpack_social_post_already_shared":true,"jetpack_social_options":{"image_generator_settings":{"template":"highway","enabled":false}}},"product_cat":[181],"product_tag":[],"jetpack_publicize_connections":[],"jetpack_sharing_enabled":true,"_links":{"self":[{"href":"https:\/\/www.anamaclaren.com\/index.php?rest_route=\/wp\/v2\/product\/3100"}],"collection":[{"href":"https:\/\/www.anamaclaren.com\/index.php?rest_route=\/wp\/v2\/product"}],"about":[{"href":"https:\/\/www.anamaclaren.com\/index.php?rest_route=\/wp\/v2\/types\/product"}],"replies":[{"embeddable":true,"href":"https:\/\/www.anamaclaren.com\/index.php?rest_route=%2Fwp%2Fv2%2Fcomments&post=3100"}],"wp:featuredmedia":[{"embeddable":true,"href":"https:\/\/www.anamaclaren.com\/index.php?rest_route=\/wp\/v2\/media\/3101"}],"wp:attachment":[{"href":"https:\/\/www.anamaclaren.com\/index.php?rest_route=%2Fwp%2Fv2%2Fmedia&parent=3100"}],"wp:term":[{"taxonomy":"product_cat","embeddable":true,"href":"https:\/\/www.anamaclaren.com\/index.php?rest_route=%2Fwp%2Fv2%2Fproduct_cat&post=3100"},{"taxonomy":"product_tag","embeddable":true,"href":"https:\/\/www.anamaclaren.com\/index.php?rest_route=%2Fwp%2Fv2%2Fproduct_tag&post=3100"}],"curies":[{"name":"wp","href":"https:\/\/api.w.org\/{rel}","templated":true}]}}