{"id":2883,"date":"2019-04-23T03:15:01","date_gmt":"2019-04-22T18:15:01","guid":{"rendered":"https:\/\/www.anamaclaren.com\/?post_type=product&#038;p=2883"},"modified":"2025-09-04T23:53:01","modified_gmt":"2025-09-04T14:53:01","slug":"barba-rustica-crespa","status":"publish","type":"product","link":"https:\/\/www.anamaclaren.com\/?product=barba-rustica-crespa","title":{"rendered":"Barba R\u00fastica Crespa"},"content":{"rendered":"<p><img decoding=\"async\" loading=\"lazy\" class=\"alignnone size-medium wp-image-2884\" src=\"https:\/\/i0.wp.com\/www.anamaclaren.com\/wp-content\/uploads\/2019\/04\/SmartSelect_20190422-150056_Gallery.jpg?resize=233%2C300&#038;ssl=1\" alt=\"\" width=\"233\" height=\"300\" srcset=\"https:\/\/i0.wp.com\/www.anamaclaren.com\/wp-content\/uploads\/2019\/04\/SmartSelect_20190422-150056_Gallery.jpg?resize=233%2C300&amp;ssl=1 233w, https:\/\/i0.wp.com\/www.anamaclaren.com\/wp-content\/uploads\/2019\/04\/SmartSelect_20190422-150056_Gallery.jpg?resize=768%2C990&amp;ssl=1 768w, https:\/\/i0.wp.com\/www.anamaclaren.com\/wp-content\/uploads\/2019\/04\/SmartSelect_20190422-150056_Gallery.jpg?resize=795%2C1024&amp;ssl=1 795w, https:\/\/i0.wp.com\/www.anamaclaren.com\/wp-content\/uploads\/2019\/04\/SmartSelect_20190422-150056_Gallery.jpg?resize=600%2C773&amp;ssl=1 600w, https:\/\/i0.wp.com\/www.anamaclaren.com\/wp-content\/uploads\/2019\/04\/SmartSelect_20190422-150056_Gallery.jpg?w=974&amp;ssl=1 974w\" sizes=\"(max-width: 233px) 100vw, 233px\" data-recalc-dims=\"1\" \/><\/p>\n","protected":false},"excerpt":{"rendered":"<p>Modelo da foto refer\u00eancia. 4 dias para confec\u00e7\u00e3o ap\u00f3s chegada das medidas do ator.<\/p>\n","protected":false},"featured_media":2884,"comment_status":"open","ping_status":"closed","template":"","meta":{"jetpack_post_was_ever_published":false,"jetpack_publicize_message":"","jetpack_is_tweetstorm":false,"jetpack_publicize_feature_enabled":true,"jetpack_social_post_already_shared":true,"jetpack_social_options":{"image_generator_settings":{"template":"highway","enabled":false}}},"product_cat":[177],"product_tag":[283,282,292,313],"jetpack_publicize_connections":[],"jetpack_sharing_enabled":true,"_links":{"self":[{"href":"https:\/\/www.anamaclaren.com\/index.php?rest_route=\/wp\/v2\/product\/2883"}],"collection":[{"href":"https:\/\/www.anamaclaren.com\/index.php?rest_route=\/wp\/v2\/product"}],"about":[{"href":"https:\/\/www.anamaclaren.com\/index.php?rest_route=\/wp\/v2\/types\/product"}],"replies":[{"embeddable":true,"href":"https:\/\/www.anamaclaren.com\/index.php?rest_route=%2Fwp%2Fv2%2Fcomments&post=2883"}],"wp:featuredmedia":[{"embeddable":true,"href":"https:\/\/www.anamaclaren.com\/index.php?rest_route=\/wp\/v2\/media\/2884"}],"wp:attachment":[{"href":"https:\/\/www.anamaclaren.com\/index.php?rest_route=%2Fwp%2Fv2%2Fmedia&parent=2883"}],"wp:term":[{"taxonomy":"product_cat","embeddable":true,"href":"https:\/\/www.anamaclaren.com\/index.php?rest_route=%2Fwp%2Fv2%2Fproduct_cat&post=2883"},{"taxonomy":"product_tag","embeddable":true,"href":"https:\/\/www.anamaclaren.com\/index.php?rest_route=%2Fwp%2Fv2%2Fproduct_tag&post=2883"}],"curies":[{"name":"wp","href":"https:\/\/api.w.org\/{rel}","templated":true}]}}