{"id":2821,"date":"2019-03-01T00:19:30","date_gmt":"2019-02-28T15:19:30","guid":{"rendered":"https:\/\/www.anamaclaren.com\/?post_type=product&#038;p=2821"},"modified":"2026-05-10T09:33:37","modified_gmt":"2026-05-10T00:33:37","slug":"testa-de-neandertal-em-silicone","status":"publish","type":"product","link":"https:\/\/www.anamaclaren.com\/?product=testa-de-neandertal-em-silicone","title":{"rendered":"Testa de Neandertal em silicone"},"content":{"rendered":"<p><img decoding=\"async\" loading=\"lazy\" class=\"alignnone size-medium wp-image-2822\" src=\"https:\/\/i0.wp.com\/www.anamaclaren.com\/wp-content\/uploads\/2019\/03\/SmartSelect_20190228-115242_Gallery.jpg?resize=300%2C292&#038;ssl=1\" alt=\"\" width=\"300\" height=\"292\" srcset=\"https:\/\/i0.wp.com\/www.anamaclaren.com\/wp-content\/uploads\/2019\/03\/SmartSelect_20190228-115242_Gallery.jpg?resize=300%2C292&amp;ssl=1 300w, https:\/\/i0.wp.com\/www.anamaclaren.com\/wp-content\/uploads\/2019\/03\/SmartSelect_20190228-115242_Gallery.jpg?resize=768%2C748&amp;ssl=1 768w, https:\/\/i0.wp.com\/www.anamaclaren.com\/wp-content\/uploads\/2019\/03\/SmartSelect_20190228-115242_Gallery.jpg?resize=1024%2C997&amp;ssl=1 1024w, https:\/\/i0.wp.com\/www.anamaclaren.com\/wp-content\/uploads\/2019\/03\/SmartSelect_20190228-115242_Gallery.jpg?resize=600%2C584&amp;ssl=1 600w, https:\/\/i0.wp.com\/www.anamaclaren.com\/wp-content\/uploads\/2019\/03\/SmartSelect_20190228-115242_Gallery.jpg?resize=50%2C50&amp;ssl=1 50w, https:\/\/i0.wp.com\/www.anamaclaren.com\/wp-content\/uploads\/2019\/03\/SmartSelect_20190228-115242_Gallery.jpg?w=1034&amp;ssl=1 1034w\" sizes=\"(max-width: 300px) 100vw, 300px\" data-recalc-dims=\"1\" \/><\/p>\n","protected":false},"excerpt":{"rendered":"<p>A loja possui tr\u00eas moldes em gesso para propor\u00e7\u00f5es diferentes nas medidas.\u00a0 <img decoding=\"async\" loading=\"lazy\" class=\"alignnone wp-image-3298\" src=\"https:\/\/www.anamaclaren.com\/wp-content\/uploads\/2019\/03\/Testa-em-silicone-Neandertal-300x211.png\" alt=\"\" width=\"242\" height=\"170\" srcset=\"https:\/\/i0.wp.com\/www.anamaclaren.com\/wp-content\/uploads\/2019\/03\/Testa-em-silicone-Neandertal.png?resize=300%2C211&amp;ssl=1 300w, https:\/\/i0.wp.com\/www.anamaclaren.com\/wp-content\/uploads\/2019\/03\/Testa-em-silicone-Neandertal.png?w=577&amp;ssl=1 577w\" sizes=\"(max-width: 242px) 100vw, 242px\" \/> Ator Silas Caetano para comercial do aparelho de barbear BIC Confort3.<\/p>\n<p>https:\/\/www.youtube.com\/watch?v=ns3EEXlWopM<\/p>\n<p>&nbsp;<\/p>\n","protected":false},"featured_media":2822,"comment_status":"open","ping_status":"closed","template":"","meta":{"jetpack_post_was_ever_published":false,"jetpack_publicize_message":"","jetpack_is_tweetstorm":false,"jetpack_publicize_feature_enabled":true,"jetpack_social_post_already_shared":true,"jetpack_social_options":{"image_generator_settings":{"template":"highway","enabled":false}}},"product_cat":[180,258,259],"product_tag":[232,275,277,478],"jetpack_publicize_connections":[],"jetpack_sharing_enabled":true,"_links":{"self":[{"href":"https:\/\/www.anamaclaren.com\/index.php?rest_route=\/wp\/v2\/product\/2821"}],"collection":[{"href":"https:\/\/www.anamaclaren.com\/index.php?rest_route=\/wp\/v2\/product"}],"about":[{"href":"https:\/\/www.anamaclaren.com\/index.php?rest_route=\/wp\/v2\/types\/product"}],"replies":[{"embeddable":true,"href":"https:\/\/www.anamaclaren.com\/index.php?rest_route=%2Fwp%2Fv2%2Fcomments&post=2821"}],"wp:featuredmedia":[{"embeddable":true,"href":"https:\/\/www.anamaclaren.com\/index.php?rest_route=\/wp\/v2\/media\/2822"}],"wp:attachment":[{"href":"https:\/\/www.anamaclaren.com\/index.php?rest_route=%2Fwp%2Fv2%2Fmedia&parent=2821"}],"wp:term":[{"taxonomy":"product_cat","embeddable":true,"href":"https:\/\/www.anamaclaren.com\/index.php?rest_route=%2Fwp%2Fv2%2Fproduct_cat&post=2821"},{"taxonomy":"product_tag","embeddable":true,"href":"https:\/\/www.anamaclaren.com\/index.php?rest_route=%2Fwp%2Fv2%2Fproduct_tag&post=2821"}],"curies":[{"name":"wp","href":"https:\/\/api.w.org\/{rel}","templated":true}]}}