{"id":2170,"date":"2017-08-25T07:40:34","date_gmt":"2017-08-24T22:40:34","guid":{"rendered":"https:\/\/www.anamaclaren.com\/?post_type=product&#038;p=2170"},"modified":"2023-11-23T03:56:21","modified_gmt":"2023-11-22T18:56:21","slug":"orelha-de-silicone-gnomos","status":"publish","type":"product","link":"https:\/\/www.anamaclaren.com\/?product=orelha-de-silicone-gnomos","title":{"rendered":"Orelha de Silicone &#8211; Gnomos. Design Ana Maclaren"},"content":{"rendered":"<p><img decoding=\"async\" loading=\"lazy\" class=\"alignnone size-medium wp-image-2171\" src=\"https:\/\/i0.wp.com\/www.anamaclaren.com\/wp-content\/uploads\/2017\/08\/SAM_6250.jpg?resize=225%2C300&#038;ssl=1\" alt=\"\" width=\"225\" height=\"300\" srcset=\"https:\/\/i0.wp.com\/www.anamaclaren.com\/wp-content\/uploads\/2017\/08\/SAM_6250.jpg?resize=225%2C300&amp;ssl=1 225w, https:\/\/i0.wp.com\/www.anamaclaren.com\/wp-content\/uploads\/2017\/08\/SAM_6250.jpg?resize=768%2C1024&amp;ssl=1 768w, https:\/\/i0.wp.com\/www.anamaclaren.com\/wp-content\/uploads\/2017\/08\/SAM_6250.jpg?w=1280&amp;ssl=1 1280w, https:\/\/i0.wp.com\/www.anamaclaren.com\/wp-content\/uploads\/2017\/08\/SAM_6250.jpg?w=1920&amp;ssl=1 1920w\" sizes=\"(max-width: 225px) 100vw, 225px\" data-recalc-dims=\"1\" \/><\/p>\n","protected":false},"excerpt":{"rendered":"<p><img decoding=\"async\" loading=\"lazy\" class=\"alignnone size-medium wp-image-2437\" src=\"https:\/\/www.anamaclaren.com\/wp-content\/uploads\/2017\/08\/Capture-3-4-300x192.jpg\" alt=\"\" width=\"300\" height=\"192\" srcset=\"https:\/\/i0.wp.com\/www.anamaclaren.com\/wp-content\/uploads\/2017\/08\/Capture-3-4.jpg?resize=300%2C192&amp;ssl=1 300w, https:\/\/i0.wp.com\/www.anamaclaren.com\/wp-content\/uploads\/2017\/08\/Capture-3-4.jpg?w=488&amp;ssl=1 488w\" sizes=\"(max-width: 300px) 100vw, 300px\" \/>Ator Pirulito<img decoding=\"async\" loading=\"lazy\" class=\"alignnone size-medium wp-image-2431\" src=\"https:\/\/www.anamaclaren.com\/wp-content\/uploads\/2017\/08\/Companhia-de-cinema-CHESTER-Natal-2010-052-225x300.jpg\" alt=\"\" width=\"225\" height=\"300\" \/><img decoding=\"async\" loading=\"lazy\" class=\"alignnone size-medium wp-image-2432\" src=\"https:\/\/www.anamaclaren.com\/wp-content\/uploads\/2017\/08\/Capture-29-273x300.jpg\" alt=\"\" width=\"273\" height=\"300\" srcset=\"https:\/\/i0.wp.com\/www.anamaclaren.com\/wp-content\/uploads\/2017\/08\/Capture-29.jpg?resize=273%2C300&amp;ssl=1 273w, https:\/\/i0.wp.com\/www.anamaclaren.com\/wp-content\/uploads\/2017\/08\/Capture-29.jpg?w=422&amp;ssl=1 422w\" sizes=\"(max-width: 273px) 100vw, 273px\" \/>Par. Segue \u00a02ml cola pros aid para fixa\u00e7\u00e3o. Mudan\u00e7a de cor aumenta prazo de entrega.<\/p>\n","protected":false},"featured_media":2171,"comment_status":"open","ping_status":"closed","template":"","meta":{"jetpack_post_was_ever_published":false,"jetpack_publicize_message":"","jetpack_is_tweetstorm":false,"jetpack_publicize_feature_enabled":true,"jetpack_social_post_already_shared":true,"jetpack_social_options":{"image_generator_settings":{"template":"highway","enabled":false}}},"product_cat":[197],"product_tag":[220,214,213,218,219],"jetpack_publicize_connections":[],"jetpack_sharing_enabled":true,"_links":{"self":[{"href":"https:\/\/www.anamaclaren.com\/index.php?rest_route=\/wp\/v2\/product\/2170"}],"collection":[{"href":"https:\/\/www.anamaclaren.com\/index.php?rest_route=\/wp\/v2\/product"}],"about":[{"href":"https:\/\/www.anamaclaren.com\/index.php?rest_route=\/wp\/v2\/types\/product"}],"replies":[{"embeddable":true,"href":"https:\/\/www.anamaclaren.com\/index.php?rest_route=%2Fwp%2Fv2%2Fcomments&post=2170"}],"wp:featuredmedia":[{"embeddable":true,"href":"https:\/\/www.anamaclaren.com\/index.php?rest_route=\/wp\/v2\/media\/2171"}],"wp:attachment":[{"href":"https:\/\/www.anamaclaren.com\/index.php?rest_route=%2Fwp%2Fv2%2Fmedia&parent=2170"}],"wp:term":[{"taxonomy":"product_cat","embeddable":true,"href":"https:\/\/www.anamaclaren.com\/index.php?rest_route=%2Fwp%2Fv2%2Fproduct_cat&post=2170"},{"taxonomy":"product_tag","embeddable":true,"href":"https:\/\/www.anamaclaren.com\/index.php?rest_route=%2Fwp%2Fv2%2Fproduct_tag&post=2170"}],"curies":[{"name":"wp","href":"https:\/\/api.w.org\/{rel}","templated":true}]}}