{"id":2138,"date":"2017-08-23T02:47:37","date_gmt":"2017-08-22T17:47:37","guid":{"rendered":"https:\/\/www.anamaclaren.com\/?post_type=product&#038;p=2138"},"modified":"2019-04-06T02:20:51","modified_gmt":"2019-04-05T17:20:51","slug":"efeitos-com-sangue-orelha-cortada","status":"publish","type":"product","link":"https:\/\/www.anamaclaren.com\/?product=efeitos-com-sangue-orelha-cortada","title":{"rendered":"Efeitos com sangue &#8211; orelha cortada"},"content":{"rendered":"<p><img decoding=\"async\" loading=\"lazy\" class=\"alignnone size-medium wp-image-2139\" src=\"https:\/\/i0.wp.com\/www.anamaclaren.com\/wp-content\/uploads\/2017\/08\/SAM_6243.jpg?resize=300%2C225&#038;ssl=1\" alt=\"\" width=\"300\" height=\"225\" srcset=\"https:\/\/i0.wp.com\/www.anamaclaren.com\/wp-content\/uploads\/2017\/08\/SAM_6243.jpg?resize=300%2C225&amp;ssl=1 300w, https:\/\/i0.wp.com\/www.anamaclaren.com\/wp-content\/uploads\/2017\/08\/SAM_6243.jpg?resize=768%2C576&amp;ssl=1 768w, https:\/\/i0.wp.com\/www.anamaclaren.com\/wp-content\/uploads\/2017\/08\/SAM_6243.jpg?resize=1024%2C768&amp;ssl=1 1024w, https:\/\/i0.wp.com\/www.anamaclaren.com\/wp-content\/uploads\/2017\/08\/SAM_6243.jpg?w=1280&amp;ssl=1 1280w, https:\/\/i0.wp.com\/www.anamaclaren.com\/wp-content\/uploads\/2017\/08\/SAM_6243.jpg?w=1920&amp;ssl=1 1920w\" sizes=\"(max-width: 300px) 100vw, 300px\" data-recalc-dims=\"1\" \/><\/p>\n","protected":false},"excerpt":{"rendered":"<p>&nbsp;<\/p>\n<p>Silicone flex\u00edvel: Pedidos para alterar cor da pe\u00e7a, ser\u00e3o necess\u00e1rios 2 dias para envio.<\/p>\n<p>Aluguel di\u00e1ria R$50,00 (cau\u00e7\u00e3o a depender das di\u00e1rias)<\/p>\n","protected":false},"featured_media":2139,"comment_status":"open","ping_status":"closed","template":"","meta":{"jetpack_post_was_ever_published":false,"jetpack_publicize_message":"","jetpack_is_tweetstorm":false,"jetpack_publicize_feature_enabled":true,"jetpack_social_post_already_shared":true,"jetpack_social_options":{"image_generator_settings":{"template":"highway","enabled":false}}},"product_cat":[260,194],"product_tag":[],"jetpack_publicize_connections":[],"jetpack_sharing_enabled":true,"_links":{"self":[{"href":"https:\/\/www.anamaclaren.com\/index.php?rest_route=\/wp\/v2\/product\/2138"}],"collection":[{"href":"https:\/\/www.anamaclaren.com\/index.php?rest_route=\/wp\/v2\/product"}],"about":[{"href":"https:\/\/www.anamaclaren.com\/index.php?rest_route=\/wp\/v2\/types\/product"}],"replies":[{"embeddable":true,"href":"https:\/\/www.anamaclaren.com\/index.php?rest_route=%2Fwp%2Fv2%2Fcomments&post=2138"}],"wp:featuredmedia":[{"embeddable":true,"href":"https:\/\/www.anamaclaren.com\/index.php?rest_route=\/wp\/v2\/media\/2139"}],"wp:attachment":[{"href":"https:\/\/www.anamaclaren.com\/index.php?rest_route=%2Fwp%2Fv2%2Fmedia&parent=2138"}],"wp:term":[{"taxonomy":"product_cat","embeddable":true,"href":"https:\/\/www.anamaclaren.com\/index.php?rest_route=%2Fwp%2Fv2%2Fproduct_cat&post=2138"},{"taxonomy":"product_tag","embeddable":true,"href":"https:\/\/www.anamaclaren.com\/index.php?rest_route=%2Fwp%2Fv2%2Fproduct_tag&post=2138"}],"curies":[{"name":"wp","href":"https:\/\/api.w.org\/{rel}","templated":true}]}}