{"id":2120,"date":"2017-08-21T23:41:32","date_gmt":"2017-08-21T14:41:32","guid":{"rendered":"https:\/\/www.anamaclaren.com\/?post_type=product&#038;p=2120"},"modified":"2026-04-02T12:31:50","modified_gmt":"2026-04-02T03:31:50","slug":"cavanhaque","status":"publish","type":"product","link":"https:\/\/www.anamaclaren.com\/?product=cavanhaque","title":{"rendered":"Cavanhaque"},"content":{"rendered":"<p><img decoding=\"async\" loading=\"lazy\" class=\"alignnone size-medium wp-image-2121\" src=\"https:\/\/i0.wp.com\/www.anamaclaren.com\/wp-content\/uploads\/2017\/08\/SAM_5447.jpg?resize=169%2C300&#038;ssl=1\" alt=\"\" width=\"169\" height=\"300\" srcset=\"https:\/\/i0.wp.com\/www.anamaclaren.com\/wp-content\/uploads\/2017\/08\/SAM_5447.jpg?resize=169%2C300&amp;ssl=1 169w, https:\/\/i0.wp.com\/www.anamaclaren.com\/wp-content\/uploads\/2017\/08\/SAM_5447.jpg?resize=768%2C1364&amp;ssl=1 768w, https:\/\/i0.wp.com\/www.anamaclaren.com\/wp-content\/uploads\/2017\/08\/SAM_5447.jpg?resize=576%2C1024&amp;ssl=1 576w, https:\/\/i0.wp.com\/www.anamaclaren.com\/wp-content\/uploads\/2017\/08\/SAM_5447.jpg?w=1280&amp;ssl=1 1280w, https:\/\/i0.wp.com\/www.anamaclaren.com\/wp-content\/uploads\/2017\/08\/SAM_5447.jpg?w=1920&amp;ssl=1 1920w\" sizes=\"(max-width: 169px) 100vw, 169px\" data-recalc-dims=\"1\" \/><span style=\"color: #ff0000;\">PRODUTO VENDIDO. SERVINDO APENAS COMO REFER\u00caNCIA PARA CONFEC\u00c7\u00c3O<\/span><\/p>\n","protected":false},"excerpt":{"rendered":"<p>Conjunto<\/p>\n","protected":false},"featured_media":2121,"comment_status":"open","ping_status":"closed","template":"","meta":{"jetpack_post_was_ever_published":false,"jetpack_publicize_message":"","jetpack_is_tweetstorm":false,"jetpack_publicize_feature_enabled":true,"jetpack_social_post_already_shared":true,"jetpack_social_options":{"image_generator_settings":{"template":"highway","enabled":false}}},"product_cat":[181],"product_tag":[282,290],"jetpack_publicize_connections":[],"jetpack_sharing_enabled":true,"_links":{"self":[{"href":"https:\/\/www.anamaclaren.com\/index.php?rest_route=\/wp\/v2\/product\/2120"}],"collection":[{"href":"https:\/\/www.anamaclaren.com\/index.php?rest_route=\/wp\/v2\/product"}],"about":[{"href":"https:\/\/www.anamaclaren.com\/index.php?rest_route=\/wp\/v2\/types\/product"}],"replies":[{"embeddable":true,"href":"https:\/\/www.anamaclaren.com\/index.php?rest_route=%2Fwp%2Fv2%2Fcomments&post=2120"}],"wp:featuredmedia":[{"embeddable":true,"href":"https:\/\/www.anamaclaren.com\/index.php?rest_route=\/wp\/v2\/media\/2121"}],"wp:attachment":[{"href":"https:\/\/www.anamaclaren.com\/index.php?rest_route=%2Fwp%2Fv2%2Fmedia&parent=2120"}],"wp:term":[{"taxonomy":"product_cat","embeddable":true,"href":"https:\/\/www.anamaclaren.com\/index.php?rest_route=%2Fwp%2Fv2%2Fproduct_cat&post=2120"},{"taxonomy":"product_tag","embeddable":true,"href":"https:\/\/www.anamaclaren.com\/index.php?rest_route=%2Fwp%2Fv2%2Fproduct_tag&post=2120"}],"curies":[{"name":"wp","href":"https:\/\/api.w.org\/{rel}","templated":true}]}}