{"id":2080,"date":"2017-08-20T01:18:59","date_gmt":"2017-08-19T16:18:59","guid":{"rendered":"https:\/\/www.anamaclaren.com\/?post_type=product&#038;p=2080"},"modified":"2022-11-02T22:46:14","modified_gmt":"2022-11-02T13:46:14","slug":"cilios-posticos-artisticos-3","status":"publish","type":"product","link":"https:\/\/www.anamaclaren.com\/?product=cilios-posticos-artisticos-3","title":{"rendered":"C\u00edlios Posti\u00e7os Art\u00edsticos"},"content":{"rendered":"<p><img decoding=\"async\" loading=\"lazy\" class=\"alignnone size-medium wp-image-2055\" src=\"https:\/\/i0.wp.com\/www.anamaclaren.com\/wp-content\/uploads\/2017\/08\/SAM_6236.jpg?resize=300%2C225&#038;ssl=1\" alt=\"\" width=\"300\" height=\"225\" srcset=\"https:\/\/i0.wp.com\/www.anamaclaren.com\/wp-content\/uploads\/2017\/08\/SAM_6236.jpg?resize=300%2C225&amp;ssl=1 300w, https:\/\/i0.wp.com\/www.anamaclaren.com\/wp-content\/uploads\/2017\/08\/SAM_6236.jpg?resize=768%2C576&amp;ssl=1 768w, https:\/\/i0.wp.com\/www.anamaclaren.com\/wp-content\/uploads\/2017\/08\/SAM_6236.jpg?resize=1024%2C768&amp;ssl=1 1024w, https:\/\/i0.wp.com\/www.anamaclaren.com\/wp-content\/uploads\/2017\/08\/SAM_6236.jpg?w=1280&amp;ssl=1 1280w, https:\/\/i0.wp.com\/www.anamaclaren.com\/wp-content\/uploads\/2017\/08\/SAM_6236.jpg?w=1920&amp;ssl=1 1920w\" sizes=\"(max-width: 300px) 100vw, 300px\" data-recalc-dims=\"1\" \/><\/p>\n","protected":false},"excerpt":{"rendered":"<p>R$30,00 cada<\/p>\n","protected":false},"featured_media":2055,"comment_status":"closed","ping_status":"closed","template":"","meta":{"jetpack_post_was_ever_published":false,"jetpack_publicize_message":"","jetpack_is_tweetstorm":false,"jetpack_publicize_feature_enabled":true,"jetpack_social_post_already_shared":true,"jetpack_social_options":{"image_generator_settings":{"template":"highway","enabled":false}}},"product_cat":[193,261],"product_tag":[],"jetpack_publicize_connections":[],"jetpack_sharing_enabled":true,"_links":{"self":[{"href":"https:\/\/www.anamaclaren.com\/index.php?rest_route=\/wp\/v2\/product\/2080"}],"collection":[{"href":"https:\/\/www.anamaclaren.com\/index.php?rest_route=\/wp\/v2\/product"}],"about":[{"href":"https:\/\/www.anamaclaren.com\/index.php?rest_route=\/wp\/v2\/types\/product"}],"replies":[{"embeddable":true,"href":"https:\/\/www.anamaclaren.com\/index.php?rest_route=%2Fwp%2Fv2%2Fcomments&post=2080"}],"wp:featuredmedia":[{"embeddable":true,"href":"https:\/\/www.anamaclaren.com\/index.php?rest_route=\/wp\/v2\/media\/2055"}],"wp:attachment":[{"href":"https:\/\/www.anamaclaren.com\/index.php?rest_route=%2Fwp%2Fv2%2Fmedia&parent=2080"}],"wp:term":[{"taxonomy":"product_cat","embeddable":true,"href":"https:\/\/www.anamaclaren.com\/index.php?rest_route=%2Fwp%2Fv2%2Fproduct_cat&post=2080"},{"taxonomy":"product_tag","embeddable":true,"href":"https:\/\/www.anamaclaren.com\/index.php?rest_route=%2Fwp%2Fv2%2Fproduct_tag&post=2080"}],"curies":[{"name":"wp","href":"https:\/\/api.w.org\/{rel}","templated":true}]}}