{"id":2052,"date":"2017-08-19T03:56:45","date_gmt":"2017-08-18T18:56:45","guid":{"rendered":"https:\/\/www.anamaclaren.com\/?post_type=product&#038;p=2052"},"modified":"2023-04-17T20:10:02","modified_gmt":"2023-04-17T11:10:02","slug":"testa-protese-de-neandertal","status":"publish","type":"product","link":"https:\/\/www.anamaclaren.com\/?product=testa-protese-de-neandertal","title":{"rendered":"Testa de Neandertal em espuma"},"content":{"rendered":"<p><img decoding=\"async\" loading=\"lazy\" class=\"alignnone size-medium wp-image-2031\" src=\"https:\/\/i0.wp.com\/www.anamaclaren.com\/wp-content\/uploads\/2017\/07\/Untitled-1.png?resize=229%2C300&#038;ssl=1\" alt=\"\" width=\"229\" height=\"300\" srcset=\"https:\/\/i0.wp.com\/www.anamaclaren.com\/wp-content\/uploads\/2017\/07\/Untitled-1.png?resize=229%2C300&amp;ssl=1 229w, https:\/\/i0.wp.com\/www.anamaclaren.com\/wp-content\/uploads\/2017\/07\/Untitled-1.png?w=304&amp;ssl=1 304w\" sizes=\"(max-width: 229px) 100vw, 229px\" data-recalc-dims=\"1\" \/><\/p>\n<p>4 em estoque<\/p>\n","protected":false},"excerpt":{"rendered":"[caption id=\"attachment_2345\" align=\"alignnone\" width=\"225\"]<img decoding=\"async\" loading=\"lazy\" class=\"size-medium wp-image-2345\" src=\"https:\/\/www.anamaclaren.com\/wp-content\/uploads\/2017\/08\/Filmagem2520Semp2520Toshiba2520-2520Pr25C325B3digo2520Filmes2520nov.252020092520054-225x300.jpg\" alt=\"\" width=\"225\" height=\"300\" srcset=\"https:\/\/i0.wp.com\/www.anamaclaren.com\/wp-content\/uploads\/2017\/08\/Filmagem2520Semp2520Toshiba2520-2520Pr25C325B3digo2520Filmes2520nov.252020092520054.jpg?resize=225%2C300&amp;ssl=1 225w, https:\/\/i0.wp.com\/www.anamaclaren.com\/wp-content\/uploads\/2017\/08\/Filmagem2520Semp2520Toshiba2520-2520Pr25C325B3digo2520Filmes2520nov.252020092520054.jpg?resize=768%2C1024&amp;ssl=1 768w, https:\/\/i0.wp.com\/www.anamaclaren.com\/wp-content\/uploads\/2017\/08\/Filmagem2520Semp2520Toshiba2520-2520Pr25C325B3digo2520Filmes2520nov.252020092520054.jpg?w=1200&amp;ssl=1 1200w\" sizes=\"(max-width: 225px) 100vw, 225px\" \/> O Ator Padoin como Neanderthal &#8220;Homem das Cavernas&#8221; para a campanha da Semp Toshiba. Ag\u00eancia Talent. Pr\u00f3digo Filmes. nov. 2009. S\u00e3o Paulo. Brasil[\/caption]\n<p><img decoding=\"async\" loading=\"lazy\" class=\"alignnone size-medium wp-image-3566\" src=\"https:\/\/www.anamaclaren.com\/wp-content\/uploads\/2017\/07\/Testa-neandertal-225x300.jpg\" alt=\"\" width=\"225\" height=\"300\" srcset=\"https:\/\/i0.wp.com\/www.anamaclaren.com\/wp-content\/uploads\/2017\/07\/Testa-neandertal.jpg?resize=225%2C300&amp;ssl=1 225w, https:\/\/i0.wp.com\/www.anamaclaren.com\/wp-content\/uploads\/2017\/07\/Testa-neandertal.jpg?resize=768%2C1024&amp;ssl=1 768w, https:\/\/i0.wp.com\/www.anamaclaren.com\/wp-content\/uploads\/2017\/07\/Testa-neandertal.jpg?resize=1152%2C1536&amp;ssl=1 1152w, https:\/\/i0.wp.com\/www.anamaclaren.com\/wp-content\/uploads\/2017\/07\/Testa-neandertal.jpg?resize=600%2C800&amp;ssl=1 600w, https:\/\/i0.wp.com\/www.anamaclaren.com\/wp-content\/uploads\/2017\/07\/Testa-neandertal.jpg?w=1536&amp;ssl=1 1536w, https:\/\/i0.wp.com\/www.anamaclaren.com\/wp-content\/uploads\/2017\/07\/Testa-neandertal.jpg?w=1280&amp;ssl=1 1280w\" sizes=\"(max-width: 225px) 100vw, 225px\" \/><\/p>\n","protected":false},"featured_media":2031,"comment_status":"open","ping_status":"closed","template":"","meta":{"jetpack_post_was_ever_published":false,"jetpack_publicize_message":"","jetpack_is_tweetstorm":false,"jetpack_publicize_feature_enabled":true,"jetpack_social_post_already_shared":true,"jetpack_social_options":{"image_generator_settings":{"template":"highway","enabled":false}}},"product_cat":[180,258,259],"product_tag":[],"jetpack_publicize_connections":[],"jetpack_sharing_enabled":true,"_links":{"self":[{"href":"https:\/\/www.anamaclaren.com\/index.php?rest_route=\/wp\/v2\/product\/2052"}],"collection":[{"href":"https:\/\/www.anamaclaren.com\/index.php?rest_route=\/wp\/v2\/product"}],"about":[{"href":"https:\/\/www.anamaclaren.com\/index.php?rest_route=\/wp\/v2\/types\/product"}],"replies":[{"embeddable":true,"href":"https:\/\/www.anamaclaren.com\/index.php?rest_route=%2Fwp%2Fv2%2Fcomments&post=2052"}],"wp:featuredmedia":[{"embeddable":true,"href":"https:\/\/www.anamaclaren.com\/index.php?rest_route=\/wp\/v2\/media\/2031"}],"wp:attachment":[{"href":"https:\/\/www.anamaclaren.com\/index.php?rest_route=%2Fwp%2Fv2%2Fmedia&parent=2052"}],"wp:term":[{"taxonomy":"product_cat","embeddable":true,"href":"https:\/\/www.anamaclaren.com\/index.php?rest_route=%2Fwp%2Fv2%2Fproduct_cat&post=2052"},{"taxonomy":"product_tag","embeddable":true,"href":"https:\/\/www.anamaclaren.com\/index.php?rest_route=%2Fwp%2Fv2%2Fproduct_tag&post=2052"}],"curies":[{"name":"wp","href":"https:\/\/api.w.org\/{rel}","templated":true}]}}