{"id":2011,"date":"2017-07-27T12:09:10","date_gmt":"2017-07-27T03:09:10","guid":{"rendered":"https:\/\/www.anamaclaren.com\/?post_type=product&#038;p=2011"},"modified":"2025-11-24T22:15:22","modified_gmt":"2025-11-24T13:15:22","slug":"perucas-wigs","status":"publish","type":"product","link":"https:\/\/www.anamaclaren.com\/?product=perucas-wigs","title":{"rendered":"Peruca longa castanha escura (Cabelo humano)"},"content":{"rendered":"","protected":false},"excerpt":{"rendered":"<p>Peruca, 70cm de comprimento, Cabelo humano, cor castanho escuro. Para cabe\u00e7as G, adapt\u00e1vel para m\u00e9dias.<\/p>\n<p>Pode ser alugada se n\u00e3o for vendida. Entrar em contato com atendimento.<\/p>\n","protected":false},"featured_media":2036,"comment_status":"open","ping_status":"closed","template":"","meta":{"jetpack_post_was_ever_published":false,"jetpack_publicize_message":"","jetpack_is_tweetstorm":false,"jetpack_publicize_feature_enabled":true,"jetpack_social_post_already_shared":true,"jetpack_social_options":{"image_generator_settings":{"template":"highway","enabled":false}}},"product_cat":[190],"product_tag":[616,619,617,620],"jetpack_publicize_connections":[],"jetpack_sharing_enabled":true,"_links":{"self":[{"href":"https:\/\/www.anamaclaren.com\/index.php?rest_route=\/wp\/v2\/product\/2011"}],"collection":[{"href":"https:\/\/www.anamaclaren.com\/index.php?rest_route=\/wp\/v2\/product"}],"about":[{"href":"https:\/\/www.anamaclaren.com\/index.php?rest_route=\/wp\/v2\/types\/product"}],"replies":[{"embeddable":true,"href":"https:\/\/www.anamaclaren.com\/index.php?rest_route=%2Fwp%2Fv2%2Fcomments&post=2011"}],"wp:featuredmedia":[{"embeddable":true,"href":"https:\/\/www.anamaclaren.com\/index.php?rest_route=\/wp\/v2\/media\/2036"}],"wp:attachment":[{"href":"https:\/\/www.anamaclaren.com\/index.php?rest_route=%2Fwp%2Fv2%2Fmedia&parent=2011"}],"wp:term":[{"taxonomy":"product_cat","embeddable":true,"href":"https:\/\/www.anamaclaren.com\/index.php?rest_route=%2Fwp%2Fv2%2Fproduct_cat&post=2011"},{"taxonomy":"product_tag","embeddable":true,"href":"https:\/\/www.anamaclaren.com\/index.php?rest_route=%2Fwp%2Fv2%2Fproduct_tag&post=2011"}],"curies":[{"name":"wp","href":"https:\/\/api.w.org\/{rel}","templated":true}]}}