{"id":3687,"date":"2023-02-02T20:58:48","date_gmt":"2023-02-02T11:58:48","guid":{"rendered":"https:\/\/www.anamaclaren.com\/?page_id=3687"},"modified":"2025-05-19T09:38:17","modified_gmt":"2025-05-19T00:38:17","slug":"avisos","status":"publish","type":"page","link":"https:\/\/www.anamaclaren.com\/?page_id=3687","title":{"rendered":"AVISOS"},"content":{"rendered":"\t\t<div data-elementor-type=\"wp-page\" data-elementor-id=\"3687\" class=\"elementor elementor-3687\">\n\t\t\t\t\t\t<div class=\"elementor-inner\">\n\t\t\t\t<div class=\"elementor-section-wrap\">\n\t\t\t\t\t\t\t\t\t<section class=\"elementor-section elementor-top-section elementor-element elementor-element-1a4d0dae elementor-section-content-middle elementor-section-boxed elementor-section-height-default elementor-section-height-default\" data-id=\"1a4d0dae\" data-element_type=\"section\">\n\t\t\t\t\t\t<div class=\"elementor-container elementor-column-gap-default\">\n\t\t\t\t\t\t\t<div class=\"elementor-row\">\n\t\t\t\t\t<div class=\"elementor-column elementor-col-100 elementor-top-column elementor-element elementor-element-1e3f5a76\" data-id=\"1e3f5a76\" data-element_type=\"column\">\n\t\t\t<div class=\"elementor-column-wrap elementor-element-populated\">\n\t\t\t\t\t\t\t<div class=\"elementor-widget-wrap\">\n\t\t\t\t\t\t<div class=\"elementor-element elementor-element-517ec06d elementor-widget elementor-widget-text-editor\" data-id=\"517ec06d\" data-element_type=\"widget\" data-widget_type=\"text-editor.default\">\n\t\t\t\t<div class=\"elementor-widget-container\">\n\t\t\t\t\t\t\t\t<div class=\"elementor-text-editor elementor-clearfix\">\n\t\t\t\t<p><!-- wp:paragraph --><\/p>\n<ul>\n<li style=\"text-align: right;\">\u00a0<\/li>\n<\/ul>\n<p><strong><span style=\"color: #ff0000;\"><span style=\"vertical-align: inherit;\"><span style=\"vertical-align: inherit;\"><span style=\"vertical-align: inherit;\"><span style=\"vertical-align: inherit;\">A MACLAREN MAKE-UP EFEITOS, PRESTA SERVI\u00c7OS DE CONFECCIONAR, VENDER E ALUGAR SEUS PRODUTOS CONFORME A NECESSIDADE DAS PRODU\u00c7\u00d5ES.<\/span><\/span><\/span><\/span><\/span><\/strong><\/p>\n<p><strong><span style=\"color: #ff0000;\"><span style=\"vertical-align: inherit;\"><span style=\"vertical-align: inherit;\"><span style=\"vertical-align: inherit;\"><span style=\"vertical-align: inherit;\">Aplica\u00e7\u00e3o de posti\u00e7os e pr\u00f3teses, podemos ensinar o b\u00e1sico de forma remota. <\/span><\/span><\/span><span style=\"vertical-align: inherit;\"><span style=\"vertical-align: inherit;\"><span style=\"vertical-align: inherit;\">Sempre indicamos a necessidade de um maquiador profissional que saiba fazer as colagens.<\/span><\/span><\/span><\/span><\/span><\/strong><\/p>\n<p><strong><span style=\"color: #ff0000;\"><span style=\"vertical-align: inherit;\"><span style=\"vertical-align: inherit;\"><span style=\"vertical-align: inherit;\"><span style=\"vertical-align: inherit;\">N\u00e3o nos responsabilizamos pelas compras e encomendas se o cliente insistir em se aplicar por ele pr\u00f3prio.<\/span><\/span><\/span><\/span><\/span><\/strong><\/p>\n<p>\u00a0<\/p>\n<p><mark class=\"has-inline-color has-vivid-red-color\" style=\"background-color: rgba(0, 0, 0, 0);\"><strong><span style=\"text-decoration: underline; color: #000000;\"><span style=\"vertical-align: inherit;\"><span style=\"vertical-align: inherit;\"><span style=\"vertical-align: inherit;\"><span style=\"vertical-align: inherit;\">N\u00e3o fazemos trabalhos para disfarces. <\/span><\/span><\/span><span style=\"vertical-align: inherit;\"><span style=\"vertical-align: inherit;\"><span style=\"vertical-align: inherit;\">Atendemos somente MERCADO DO ENTRETENIMENTO, Cinema, TV, Teatro, Publicidade e Fotos.<\/span><\/span><\/span><\/span><\/span><\/strong><\/mark><\/p>\n<p>\u00a0<\/p>\n<p><!-- \/wp:paragraph --><!-- wp:paragraph --><\/p>\n<p><!-- \/wp:paragraph --><!-- wp:paragraph --><\/p>\n<p><span style=\"color: #0000ff;\"><strong><span style=\"vertical-align: inherit;\"><span style=\"vertical-align: inherit;\"><span style=\"vertical-align: inherit;\"><span style=\"vertical-align: inherit;\">Produtos importados:<\/span><\/span><\/span><\/span><\/strong><\/span>\u00a0<\/p>\n<p><span style=\"color: #0000ff;\"><span style=\"vertical-align: inherit;\"><span style=\"vertical-align: inherit;\"><span style=\"vertical-align: inherit;\"><span style=\"vertical-align: inherit;\">Visite uma loja em produtos.<\/span><\/span><\/span><\/span><\/span><\/p>\n<p><span style=\"color: #0000ff;\">\u00a0<\/span><\/p>\n<p><!-- \/wp:paragraph --><!-- wp:image {\"id\":3578,\"width\":322,\"height\":226,\"sizeSlug\":\"large\",\"linkDestination\":\"none\"} --><\/p>\n<figure class=\"wp-block-image size-large is-resized\"><img decoding=\"async\" loading=\"lazy\" class=\"wp-image-3578 aligncenter\" src=\"https:\/\/i0.wp.com\/www.anamaclaren.com\/wp-content\/uploads\/2022\/04\/SmartSelect_20220426-165244_Gallery.jpg?resize=322%2C226&#038;ssl=1\" alt=\"\" width=\"322\" height=\"226\" data-recalc-dims=\"1\" srcset=\"https:\/\/i0.wp.com\/www.anamaclaren.com\/wp-content\/uploads\/2022\/04\/SmartSelect_20220426-165244_Gallery.jpg?w=1044&amp;ssl=1 1044w, https:\/\/i0.wp.com\/www.anamaclaren.com\/wp-content\/uploads\/2022\/04\/SmartSelect_20220426-165244_Gallery.jpg?resize=300%2C211&amp;ssl=1 300w, https:\/\/i0.wp.com\/www.anamaclaren.com\/wp-content\/uploads\/2022\/04\/SmartSelect_20220426-165244_Gallery.jpg?resize=1024%2C720&amp;ssl=1 1024w, https:\/\/i0.wp.com\/www.anamaclaren.com\/wp-content\/uploads\/2022\/04\/SmartSelect_20220426-165244_Gallery.jpg?resize=768%2C540&amp;ssl=1 768w, https:\/\/i0.wp.com\/www.anamaclaren.com\/wp-content\/uploads\/2022\/04\/SmartSelect_20220426-165244_Gallery.jpg?resize=600%2C422&amp;ssl=1 600w\" sizes=\"(max-width: 322px) 100vw, 322px\" \/><\/figure>\n<p><!-- \/wp:image --><!-- wp:paragraph --><\/p>\n<p><!-- \/wp:paragraph --><!-- wp:image {\"id\":3555,\"width\":261,\"height\":283,\"sizeSlug\":\"large\",\"linkDestination\":\"none\"} --><\/p>\n<ol>\n<li class=\"wp-block-image size-large is-resized\"><img decoding=\"async\" loading=\"lazy\" class=\"alignnone wp-image-3555 alignleft\" src=\"https:\/\/i0.wp.com\/www.anamaclaren.com\/wp-content\/uploads\/2022\/01\/SmartSelect_20220118-145059_Gallery.jpg?resize=261%2C283&#038;ssl=1\" alt=\"Skin Illustrator em potes individuais.  Dilui\u00e7\u00e3o sem \u00e1lcool 100%\" width=\"261\" height=\"283\" data-recalc-dims=\"1\" srcset=\"https:\/\/i0.wp.com\/www.anamaclaren.com\/wp-content\/uploads\/2022\/01\/SmartSelect_20220118-145059_Gallery.jpg?w=1076&amp;ssl=1 1076w, https:\/\/i0.wp.com\/www.anamaclaren.com\/wp-content\/uploads\/2022\/01\/SmartSelect_20220118-145059_Gallery.jpg?resize=277%2C300&amp;ssl=1 277w, https:\/\/i0.wp.com\/www.anamaclaren.com\/wp-content\/uploads\/2022\/01\/SmartSelect_20220118-145059_Gallery.jpg?resize=946%2C1024&amp;ssl=1 946w, https:\/\/i0.wp.com\/www.anamaclaren.com\/wp-content\/uploads\/2022\/01\/SmartSelect_20220118-145059_Gallery.jpg?resize=768%2C832&amp;ssl=1 768w, https:\/\/i0.wp.com\/www.anamaclaren.com\/wp-content\/uploads\/2022\/01\/SmartSelect_20220118-145059_Gallery.jpg?resize=600%2C650&amp;ssl=1 600w\" sizes=\"(max-width: 261px) 100vw, 261px\" \/><\/li>\n<\/ol>\n<p><!-- \/wp:image --><!-- wp:image {\"id\":3537,\"width\":266,\"height\":200,\"sizeSlug\":\"large\",\"linkDestination\":\"none\"} --><\/p>\n<figure class=\"wp-block-image size-large is-resized\"><img decoding=\"async\" loading=\"lazy\" class=\"wp-image-3537 alignright\" src=\"https:\/\/i0.wp.com\/www.anamaclaren.com\/wp-content\/uploads\/2021\/12\/cola-spirit-gum-Ben-Nye.jpeg?resize=266%2C200&#038;ssl=1\" alt=\"\" width=\"266\" height=\"200\" data-recalc-dims=\"1\" srcset=\"https:\/\/i0.wp.com\/www.anamaclaren.com\/wp-content\/uploads\/2021\/12\/cola-spirit-gum-Ben-Nye.jpeg?w=1600&amp;ssl=1 1600w, https:\/\/i0.wp.com\/www.anamaclaren.com\/wp-content\/uploads\/2021\/12\/cola-spirit-gum-Ben-Nye.jpeg?resize=300%2C225&amp;ssl=1 300w, https:\/\/i0.wp.com\/www.anamaclaren.com\/wp-content\/uploads\/2021\/12\/cola-spirit-gum-Ben-Nye.jpeg?resize=1024%2C768&amp;ssl=1 1024w, https:\/\/i0.wp.com\/www.anamaclaren.com\/wp-content\/uploads\/2021\/12\/cola-spirit-gum-Ben-Nye.jpeg?resize=768%2C576&amp;ssl=1 768w, https:\/\/i0.wp.com\/www.anamaclaren.com\/wp-content\/uploads\/2021\/12\/cola-spirit-gum-Ben-Nye.jpeg?resize=1536%2C1152&amp;ssl=1 1536w, https:\/\/i0.wp.com\/www.anamaclaren.com\/wp-content\/uploads\/2021\/12\/cola-spirit-gum-Ben-Nye.jpeg?resize=800%2C600&amp;ssl=1 800w, https:\/\/i0.wp.com\/www.anamaclaren.com\/wp-content\/uploads\/2021\/12\/cola-spirit-gum-Ben-Nye.jpeg?resize=600%2C450&amp;ssl=1 600w, https:\/\/i0.wp.com\/www.anamaclaren.com\/wp-content\/uploads\/2021\/12\/cola-spirit-gum-Ben-Nye.jpeg?w=1280&amp;ssl=1 1280w\" sizes=\"(max-width: 266px) 100vw, 266px\" \/><\/figure>\n<p><img decoding=\"async\" loading=\"lazy\" class=\"size-thumbnail wp-image-3499 alignleft\" src=\"https:\/\/i0.wp.com\/www.anamaclaren.com\/wp-content\/uploads\/2021\/11\/SmartSelect_20211114-221733_Google.jpg?resize=150%2C150&#038;ssl=1\" alt=\"Tintas para aerografia com fixa\u00e7\u00e3o tempor\u00e1ria.\" width=\"150\" height=\"150\" data-recalc-dims=\"1\" srcset=\"https:\/\/i0.wp.com\/www.anamaclaren.com\/wp-content\/uploads\/2021\/11\/SmartSelect_20211114-221733_Google.jpg?resize=150%2C150&amp;ssl=1 150w, https:\/\/i0.wp.com\/www.anamaclaren.com\/wp-content\/uploads\/2021\/11\/SmartSelect_20211114-221733_Google.jpg?resize=300%2C300&amp;ssl=1 300w, https:\/\/i0.wp.com\/www.anamaclaren.com\/wp-content\/uploads\/2021\/11\/SmartSelect_20211114-221733_Google.jpg?resize=100%2C100&amp;ssl=1 100w, https:\/\/i0.wp.com\/www.anamaclaren.com\/wp-content\/uploads\/2021\/11\/SmartSelect_20211114-221733_Google.jpg?resize=50%2C50&amp;ssl=1 50w, https:\/\/i0.wp.com\/www.anamaclaren.com\/wp-content\/uploads\/2021\/11\/SmartSelect_20211114-221733_Google.jpg?zoom=3&amp;resize=150%2C150&amp;ssl=1 450w\" sizes=\"(max-width: 150px) 100vw, 150px\" \/><img decoding=\"async\" loading=\"lazy\" class=\"size-thumbnail wp-image-3512 aligncenter\" src=\"https:\/\/i0.wp.com\/www.anamaclaren.com\/wp-content\/uploads\/2021\/11\/reel-creations-1.png?resize=150%2C150&#038;ssl=1\" alt=\"\" width=\"150\" height=\"150\" data-recalc-dims=\"1\" srcset=\"https:\/\/i0.wp.com\/www.anamaclaren.com\/wp-content\/uploads\/2021\/11\/reel-creations-1.png?resize=150%2C150&amp;ssl=1 150w, https:\/\/i0.wp.com\/www.anamaclaren.com\/wp-content\/uploads\/2021\/11\/reel-creations-1.png?resize=300%2C300&amp;ssl=1 300w, https:\/\/i0.wp.com\/www.anamaclaren.com\/wp-content\/uploads\/2021\/11\/reel-creations-1.png?resize=100%2C100&amp;ssl=1 100w, https:\/\/i0.wp.com\/www.anamaclaren.com\/wp-content\/uploads\/2021\/11\/reel-creations-1.png?resize=50%2C50&amp;ssl=1 50w\" sizes=\"(max-width: 150px) 100vw, 150px\" \/><img decoding=\"async\" loading=\"lazy\" class=\"size-thumbnail wp-image-3530 aligncenter\" src=\"https:\/\/i0.wp.com\/www.anamaclaren.com\/wp-content\/uploads\/2021\/11\/Fred-Blue-Reel-Creations.jpg?resize=150%2C150&#038;ssl=1\" alt=\"\" width=\"150\" height=\"150\" data-recalc-dims=\"1\" srcset=\"https:\/\/i0.wp.com\/www.anamaclaren.com\/wp-content\/uploads\/2021\/11\/Fred-Blue-Reel-Creations.jpg?resize=150%2C150&amp;ssl=1 150w, https:\/\/i0.wp.com\/www.anamaclaren.com\/wp-content\/uploads\/2021\/11\/Fred-Blue-Reel-Creations.jpg?resize=300%2C300&amp;ssl=1 300w, https:\/\/i0.wp.com\/www.anamaclaren.com\/wp-content\/uploads\/2021\/11\/Fred-Blue-Reel-Creations.jpg?resize=100%2C100&amp;ssl=1 100w, https:\/\/i0.wp.com\/www.anamaclaren.com\/wp-content\/uploads\/2021\/11\/Fred-Blue-Reel-Creations.jpg?resize=50%2C50&amp;ssl=1 50w, https:\/\/i0.wp.com\/www.anamaclaren.com\/wp-content\/uploads\/2021\/11\/Fred-Blue-Reel-Creations.jpg?zoom=3&amp;resize=150%2C150&amp;ssl=1 450w\" sizes=\"(max-width: 150px) 100vw, 150px\" \/><span style=\"vertical-align: inherit;\"><span style=\"vertical-align: inherit;\"><span style=\"vertical-align: inherit;\"><span style=\"vertical-align: inherit;\">Fred Blau<\/span><\/span><\/span><\/span><\/p>\n<p><img decoding=\"async\" loading=\"lazy\" class=\"alignnone size-thumbnail wp-image-2291\" src=\"https:\/\/i0.wp.com\/www.anamaclaren.com\/wp-content\/uploads\/2017\/08\/SAM_6281.jpg?resize=150%2C150&#038;ssl=1\" alt=\"\" width=\"150\" height=\"150\" data-recalc-dims=\"1\" srcset=\"https:\/\/i0.wp.com\/www.anamaclaren.com\/wp-content\/uploads\/2017\/08\/SAM_6281.jpg?resize=150%2C150&amp;ssl=1 150w, https:\/\/i0.wp.com\/www.anamaclaren.com\/wp-content\/uploads\/2017\/08\/SAM_6281.jpg?resize=180%2C180&amp;ssl=1 180w, https:\/\/i0.wp.com\/www.anamaclaren.com\/wp-content\/uploads\/2017\/08\/SAM_6281.jpg?resize=300%2C300&amp;ssl=1 300w, https:\/\/i0.wp.com\/www.anamaclaren.com\/wp-content\/uploads\/2017\/08\/SAM_6281.jpg?resize=600%2C600&amp;ssl=1 600w, https:\/\/i0.wp.com\/www.anamaclaren.com\/wp-content\/uploads\/2017\/08\/SAM_6281.jpg?resize=50%2C50&amp;ssl=1 50w, https:\/\/i0.wp.com\/www.anamaclaren.com\/wp-content\/uploads\/2017\/08\/SAM_6281.jpg?zoom=3&amp;resize=150%2C150&amp;ssl=1 450w\" sizes=\"(max-width: 150px) 100vw, 150px\" \/><img decoding=\"async\" loading=\"lazy\" class=\"alignnone size-thumbnail wp-image-3904\" src=\"https:\/\/i0.wp.com\/www.anamaclaren.com\/wp-content\/uploads\/2023\/04\/20230418_193352.jpg?resize=150%2C150&#038;ssl=1\" alt=\"\" width=\"150\" height=\"150\" data-recalc-dims=\"1\" \/><\/p>\n<ol>\n<li><img decoding=\"async\" loading=\"lazy\" class=\"alignnone size-thumbnail wp-image-3940\" src=\"https:\/\/i0.wp.com\/www.anamaclaren.com\/wp-content\/uploads\/2023\/04\/20230420_160101.jpg?resize=150%2C150&#038;ssl=1\" alt=\"\" width=\"150\" height=\"150\" data-recalc-dims=\"1\" \/><img decoding=\"async\" loading=\"lazy\" class=\"alignnone size-thumbnail wp-image-3957 aligncenter\" src=\"https:\/\/i0.wp.com\/www.anamaclaren.com\/wp-content\/uploads\/2023\/04\/20230329_151549.jpg?resize=150%2C150&#038;ssl=1\" alt=\"\" width=\"150\" height=\"150\" data-recalc-dims=\"1\" \/><img decoding=\"async\" loading=\"lazy\" class=\"alignnone size-thumbnail wp-image-3958 aligncenter\" src=\"https:\/\/i0.wp.com\/www.anamaclaren.com\/wp-content\/uploads\/2023\/04\/20230421_130134.jpg?resize=150%2C150&#038;ssl=1\" alt=\"\" width=\"150\" height=\"150\" data-recalc-dims=\"1\" \/><img decoding=\"async\" loading=\"lazy\" class=\"alignnone size-thumbnail wp-image-3971\" src=\"https:\/\/i0.wp.com\/www.anamaclaren.com\/wp-content\/uploads\/2023\/04\/IMATS-2010-Pasadena-CA-052.jpg?resize=150%2C150&#038;ssl=1\" alt=\"\" width=\"150\" height=\"150\" data-recalc-dims=\"1\" srcset=\"https:\/\/i0.wp.com\/www.anamaclaren.com\/wp-content\/uploads\/2023\/04\/IMATS-2010-Pasadena-CA-052.jpg?resize=150%2C150&amp;ssl=1 150w, https:\/\/i0.wp.com\/www.anamaclaren.com\/wp-content\/uploads\/2023\/04\/IMATS-2010-Pasadena-CA-052.jpg?resize=300%2C300&amp;ssl=1 300w, https:\/\/i0.wp.com\/www.anamaclaren.com\/wp-content\/uploads\/2023\/04\/IMATS-2010-Pasadena-CA-052.jpg?resize=100%2C100&amp;ssl=1 100w, https:\/\/i0.wp.com\/www.anamaclaren.com\/wp-content\/uploads\/2023\/04\/IMATS-2010-Pasadena-CA-052.jpg?resize=50%2C50&amp;ssl=1 50w, https:\/\/i0.wp.com\/www.anamaclaren.com\/wp-content\/uploads\/2023\/04\/IMATS-2010-Pasadena-CA-052.jpg?zoom=3&amp;resize=150%2C150&amp;ssl=1 450w\" sizes=\"(max-width: 150px) 100vw, 150px\" \/><img decoding=\"async\" loading=\"lazy\" class=\"alignnone size-thumbnail wp-image-3972\" src=\"https:\/\/i0.wp.com\/www.anamaclaren.com\/wp-content\/uploads\/2023\/04\/IMATS-2010-Pasadena-CA-053.jpg?resize=150%2C150&#038;ssl=1\" alt=\"\" width=\"150\" height=\"150\" data-recalc-dims=\"1\" srcset=\"https:\/\/i0.wp.com\/www.anamaclaren.com\/wp-content\/uploads\/2023\/04\/IMATS-2010-Pasadena-CA-053.jpg?resize=150%2C150&amp;ssl=1 150w, https:\/\/i0.wp.com\/www.anamaclaren.com\/wp-content\/uploads\/2023\/04\/IMATS-2010-Pasadena-CA-053.jpg?resize=300%2C300&amp;ssl=1 300w, https:\/\/i0.wp.com\/www.anamaclaren.com\/wp-content\/uploads\/2023\/04\/IMATS-2010-Pasadena-CA-053.jpg?resize=100%2C100&amp;ssl=1 100w, https:\/\/i0.wp.com\/www.anamaclaren.com\/wp-content\/uploads\/2023\/04\/IMATS-2010-Pasadena-CA-053.jpg?resize=50%2C50&amp;ssl=1 50w, https:\/\/i0.wp.com\/www.anamaclaren.com\/wp-content\/uploads\/2023\/04\/IMATS-2010-Pasadena-CA-053.jpg?zoom=3&amp;resize=150%2C150&amp;ssl=1 450w\" sizes=\"(max-width: 150px) 100vw, 150px\" \/><span style=\"vertical-align: inherit;\"><span style=\"vertical-align: inherit;\"><span style=\"vertical-align: inherit;\"><span style=\"vertical-align: inherit;\">Rob Burman e Jennifer McManus<\/span><\/span><\/span><\/span><\/li>\n<li><img decoding=\"async\" loading=\"lazy\" class=\"alignnone size-thumbnail wp-image-3993\" src=\"https:\/\/i0.wp.com\/www.anamaclaren.com\/wp-content\/uploads\/2023\/04\/IMATS-2010-Pasadena-CA-052-1.jpg?resize=150%2C150&#038;ssl=1\" alt=\"\" width=\"150\" height=\"150\" data-recalc-dims=\"1\" srcset=\"https:\/\/i0.wp.com\/www.anamaclaren.com\/wp-content\/uploads\/2023\/04\/IMATS-2010-Pasadena-CA-052-1.jpg?resize=150%2C150&amp;ssl=1 150w, https:\/\/i0.wp.com\/www.anamaclaren.com\/wp-content\/uploads\/2023\/04\/IMATS-2010-Pasadena-CA-052-1.jpg?resize=300%2C300&amp;ssl=1 300w, https:\/\/i0.wp.com\/www.anamaclaren.com\/wp-content\/uploads\/2023\/04\/IMATS-2010-Pasadena-CA-052-1.jpg?resize=100%2C100&amp;ssl=1 100w, https:\/\/i0.wp.com\/www.anamaclaren.com\/wp-content\/uploads\/2023\/04\/IMATS-2010-Pasadena-CA-052-1.jpg?resize=50%2C50&amp;ssl=1 50w, https:\/\/i0.wp.com\/www.anamaclaren.com\/wp-content\/uploads\/2023\/04\/IMATS-2010-Pasadena-CA-052-1.jpg?zoom=3&amp;resize=150%2C150&amp;ssl=1 450w\" sizes=\"(max-width: 150px) 100vw, 150px\" \/><span style=\"vertical-align: inherit;\"><span style=\"vertical-align: inherit;\"><span style=\"vertical-align: inherit;\"><span style=\"vertical-align: inherit;\">Dana Nye<\/span><\/span><\/span><\/span><\/li>\n<\/ol>\n<p><!-- \/wp:image --><\/p>\t\t\t\t\t<\/div>\n\t\t\t\t\t\t<\/div>\n\t\t\t\t<\/div>\n\t\t\t\t\t\t<\/div>\n\t\t\t\t\t<\/div>\n\t\t<\/div>\n\t\t\t\t\t\t\t\t<\/div>\n\t\t\t\t\t<\/div>\n\t\t<\/section>\n\t\t\t\t<section class=\"elementor-section elementor-top-section elementor-element elementor-element-b6f8349 elementor-section-boxed elementor-section-height-default elementor-section-height-default\" data-id=\"b6f8349\" data-element_type=\"section\" data-settings=\"{&quot;background_background&quot;:&quot;slideshow&quot;,&quot;background_slideshow_gallery&quot;:[],&quot;background_slideshow_loop&quot;:&quot;yes&quot;,&quot;background_slideshow_slide_duration&quot;:5000,&quot;background_slideshow_slide_transition&quot;:&quot;fade&quot;,&quot;background_slideshow_transition_duration&quot;:500}\">\n\t\t\t\t\t\t<div class=\"elementor-container elementor-column-gap-no\">\n\t\t\t\t\t\t\t<div class=\"elementor-row\">\n\t\t\t\t\t<div class=\"elementor-column elementor-col-33 elementor-top-column elementor-element elementor-element-17f3dc0\" data-id=\"17f3dc0\" data-element_type=\"column\">\n\t\t\t<div class=\"elementor-column-wrap\">\n\t\t\t\t\t\t\t<div class=\"elementor-widget-wrap\">\n\t\t\t\t\t\t\t\t<\/div>\n\t\t\t\t\t<\/div>\n\t\t<\/div>\n\t\t\t\t<div class=\"elementor-column elementor-col-33 elementor-top-column elementor-element elementor-element-4f3e625\" data-id=\"4f3e625\" data-element_type=\"column\">\n\t\t\t<div class=\"elementor-column-wrap\">\n\t\t\t\t\t\t\t<div class=\"elementor-widget-wrap\">\n\t\t\t\t\t\t\t\t<\/div>\n\t\t\t\t\t<\/div>\n\t\t<\/div>\n\t\t\t\t<div class=\"elementor-column elementor-col-33 elementor-top-column elementor-element elementor-element-311045a\" data-id=\"311045a\" data-element_type=\"column\">\n\t\t\t<div class=\"elementor-column-wrap\">\n\t\t\t\t\t\t\t<div class=\"elementor-widget-wrap\">\n\t\t\t\t\t\t\t\t<\/div>\n\t\t\t\t\t<\/div>\n\t\t<\/div>\n\t\t\t\t\t\t\t\t<\/div>\n\t\t\t\t\t<\/div>\n\t\t<\/section>\n\t\t\t\t\t\t\t\t\t<\/div>\n\t\t\t<\/div>\n\t\t\t\t\t<\/div>\n\t\t","protected":false},"excerpt":{"rendered":"<p>\u00a0 A MACLAREN MAKE-UP EFEITOS, PRESTA SERVI\u00c7OS DE CONFECCIONAR, VENDER E ALUGAR SEUS PRODUTOS CONFORME A NECESSIDADE DAS PRODU\u00c7\u00d5ES. Aplica\u00e7\u00e3o de posti\u00e7os e pr\u00f3teses, podemos ensinar o b\u00e1sico de forma<\/p>\n","protected":false},"author":2,"featured_media":0,"parent":0,"menu_order":0,"comment_status":"closed","ping_status":"closed","template":"","meta":{"jetpack_post_was_ever_published":false},"jetpack_sharing_enabled":true,"jetpack_shortlink":"https:\/\/wp.me\/P4R3nC-Xt","_links":{"self":[{"href":"https:\/\/www.anamaclaren.com\/index.php?rest_route=\/wp\/v2\/pages\/3687"}],"collection":[{"href":"https:\/\/www.anamaclaren.com\/index.php?rest_route=\/wp\/v2\/pages"}],"about":[{"href":"https:\/\/www.anamaclaren.com\/index.php?rest_route=\/wp\/v2\/types\/page"}],"author":[{"embeddable":true,"href":"https:\/\/www.anamaclaren.com\/index.php?rest_route=\/wp\/v2\/users\/2"}],"replies":[{"embeddable":true,"href":"https:\/\/www.anamaclaren.com\/index.php?rest_route=%2Fwp%2Fv2%2Fcomments&post=3687"}],"version-history":[{"count":74,"href":"https:\/\/www.anamaclaren.com\/index.php?rest_route=\/wp\/v2\/pages\/3687\/revisions"}],"predecessor-version":[{"id":4490,"href":"https:\/\/www.anamaclaren.com\/index.php?rest_route=\/wp\/v2\/pages\/3687\/revisions\/4490"}],"wp:attachment":[{"href":"https:\/\/www.anamaclaren.com\/index.php?rest_route=%2Fwp%2Fv2%2Fmedia&parent=3687"}],"curies":[{"name":"wp","href":"https:\/\/api.w.org\/{rel}","templated":true}]}}