{"id":31,"date":"2016-01-13T15:24:30","date_gmt":"2016-01-13T06:24:30","guid":{"rendered":"https:\/\/anamaclaren.com\/?page_id=31"},"modified":"2024-01-18T23:47:25","modified_gmt":"2024-01-18T14:47:25","slug":"%ea%b3%b5%ec%a7%80%ec%82%ac%ed%95%ad","status":"publish","type":"page","link":"https:\/\/www.anamaclaren.com\/?page_id=31","title":{"rendered":"Cursos de pr\u00f3teses de silicone, perucas e posti\u00e7os.  atendimento@anamaclaren.com"},"content":{"rendered":"\t\t<div data-elementor-type=\"wp-page\" data-elementor-id=\"31\" class=\"elementor elementor-31\">\n\t\t\t\t\t\t<div class=\"elementor-inner\">\n\t\t\t\t<div class=\"elementor-section-wrap\">\n\t\t\t\t\t\t\t\t\t<section class=\"elementor-section elementor-top-section elementor-element elementor-element-4ddf6a26 elementor-section-boxed elementor-section-height-default elementor-section-height-default\" data-id=\"4ddf6a26\" data-element_type=\"section\">\n\t\t\t\t\t\t<div class=\"elementor-container elementor-column-gap-default\">\n\t\t\t\t\t\t\t<div class=\"elementor-row\">\n\t\t\t\t\t<div class=\"elementor-column elementor-col-100 elementor-top-column elementor-element elementor-element-50747cbd\" data-id=\"50747cbd\" data-element_type=\"column\">\n\t\t\t<div class=\"elementor-column-wrap elementor-element-populated\">\n\t\t\t\t\t\t\t<div class=\"elementor-widget-wrap\">\n\t\t\t\t\t\t<div class=\"elementor-element elementor-element-d2d8e0c elementor-widget elementor-widget-text-editor\" data-id=\"d2d8e0c\" data-element_type=\"widget\" data-widget_type=\"text-editor.default\">\n\t\t\t\t<div class=\"elementor-widget-container\">\n\t\t\t\t\t\t\t\t<div class=\"elementor-text-editor elementor-clearfix\">\n\t\t\t\t<p><img decoding=\"async\" loading=\"lazy\" class=\"alignnone size-medium wp-image-3537\" src=\"https:\/\/i0.wp.com\/www.anamaclaren.com\/wp-content\/uploads\/2021\/12\/cola-spirit-gum-Ben-Nye.jpeg?resize=300%2C225&#038;ssl=1\" alt=\"\" width=\"300\" height=\"225\"  data-recalc-dims=\"1\" srcset=\"https:\/\/i0.wp.com\/www.anamaclaren.com\/wp-content\/uploads\/2021\/12\/cola-spirit-gum-Ben-Nye.jpeg?w=1600&amp;ssl=1 1600w, https:\/\/i0.wp.com\/www.anamaclaren.com\/wp-content\/uploads\/2021\/12\/cola-spirit-gum-Ben-Nye.jpeg?resize=300%2C225&amp;ssl=1 300w, https:\/\/i0.wp.com\/www.anamaclaren.com\/wp-content\/uploads\/2021\/12\/cola-spirit-gum-Ben-Nye.jpeg?resize=1024%2C768&amp;ssl=1 1024w, https:\/\/i0.wp.com\/www.anamaclaren.com\/wp-content\/uploads\/2021\/12\/cola-spirit-gum-Ben-Nye.jpeg?resize=768%2C576&amp;ssl=1 768w, https:\/\/i0.wp.com\/www.anamaclaren.com\/wp-content\/uploads\/2021\/12\/cola-spirit-gum-Ben-Nye.jpeg?resize=1536%2C1152&amp;ssl=1 1536w, https:\/\/i0.wp.com\/www.anamaclaren.com\/wp-content\/uploads\/2021\/12\/cola-spirit-gum-Ben-Nye.jpeg?resize=800%2C600&amp;ssl=1 800w, https:\/\/i0.wp.com\/www.anamaclaren.com\/wp-content\/uploads\/2021\/12\/cola-spirit-gum-Ben-Nye.jpeg?resize=600%2C450&amp;ssl=1 600w, https:\/\/i0.wp.com\/www.anamaclaren.com\/wp-content\/uploads\/2021\/12\/cola-spirit-gum-Ben-Nye.jpeg?w=1280&amp;ssl=1 1280w\" sizes=\"(max-width: 300px) 100vw, 300px\" \/>Chegaram colas da Ben Nye<\/p>\n<p><img decoding=\"async\" loading=\"lazy\" class=\"alignnone size-medium wp-image-2525\" src=\"https:\/\/i0.wp.com\/www.anamaclaren.com\/wp-content\/uploads\/2016\/01\/20171206_180606-1.jpg?resize=300%2C169&#038;ssl=1\" alt=\"\" width=\"300\" height=\"169\"  data-recalc-dims=\"1\" srcset=\"https:\/\/i0.wp.com\/www.anamaclaren.com\/wp-content\/uploads\/2016\/01\/20171206_180606-1.jpg?w=5312&amp;ssl=1 5312w, https:\/\/i0.wp.com\/www.anamaclaren.com\/wp-content\/uploads\/2016\/01\/20171206_180606-1.jpg?resize=300%2C169&amp;ssl=1 300w, https:\/\/i0.wp.com\/www.anamaclaren.com\/wp-content\/uploads\/2016\/01\/20171206_180606-1.jpg?resize=768%2C432&amp;ssl=1 768w, https:\/\/i0.wp.com\/www.anamaclaren.com\/wp-content\/uploads\/2016\/01\/20171206_180606-1.jpg?resize=1024%2C576&amp;ssl=1 1024w, https:\/\/i0.wp.com\/www.anamaclaren.com\/wp-content\/uploads\/2016\/01\/20171206_180606-1.jpg?w=1280&amp;ssl=1 1280w, https:\/\/i0.wp.com\/www.anamaclaren.com\/wp-content\/uploads\/2016\/01\/20171206_180606-1.jpg?w=1920&amp;ssl=1 1920w\" sizes=\"(max-width: 300px) 100vw, 300px\" \/><a href=\"_wp_link_placeholder\" data-wplink-edit=\"true\"><img decoding=\"async\" loading=\"lazy\" class=\"alignnone size-medium wp-image-1837\" src=\"https:\/\/i0.wp.com\/www.anamaclaren.com\/wp-content\/uploads\/2017\/06\/19388439_1798253217152676_5589878653811333450_o-e1498649251557-300x209.jpg?resize=300%2C209&#038;ssl=1\" alt=\"\" width=\"300\" height=\"209\"  data-recalc-dims=\"1\" srcset=\"https:\/\/i0.wp.com\/www.anamaclaren.com\/wp-content\/uploads\/2017\/06\/19388439_1798253217152676_5589878653811333450_o-e1498649251557.jpg?resize=300%2C209&amp;ssl=1 300w, https:\/\/i0.wp.com\/www.anamaclaren.com\/wp-content\/uploads\/2017\/06\/19388439_1798253217152676_5589878653811333450_o-e1498649251557.jpg?resize=768%2C535&amp;ssl=1 768w, https:\/\/i0.wp.com\/www.anamaclaren.com\/wp-content\/uploads\/2017\/06\/19388439_1798253217152676_5589878653811333450_o-e1498649251557.jpg?resize=1024%2C714&amp;ssl=1 1024w, https:\/\/i0.wp.com\/www.anamaclaren.com\/wp-content\/uploads\/2017\/06\/19388439_1798253217152676_5589878653811333450_o-e1498649251557.jpg?w=1072&amp;ssl=1 1072w\" sizes=\"(max-width: 300px) 100vw, 300px\" \/><img decoding=\"async\" loading=\"lazy\" class=\"alignnone size-medium wp-image-3157\" src=\"https:\/\/i0.wp.com\/www.anamaclaren.com\/wp-content\/uploads\/2020\/11\/Capturar.png?resize=254%2C300&#038;ssl=1\" alt=\"\" width=\"254\" height=\"300\"  data-recalc-dims=\"1\" srcset=\"https:\/\/i0.wp.com\/www.anamaclaren.com\/wp-content\/uploads\/2020\/11\/Capturar.png?w=500&amp;ssl=1 500w, https:\/\/i0.wp.com\/www.anamaclaren.com\/wp-content\/uploads\/2020\/11\/Capturar.png?resize=254%2C300&amp;ssl=1 254w\" sizes=\"(max-width: 254px) 100vw, 254px\" \/><\/a><img decoding=\"async\" loading=\"lazy\" class=\"alignnone size-medium wp-image-2427\" src=\"https:\/\/i0.wp.com\/www.anamaclaren.com\/wp-content\/uploads\/2016\/01\/Capture.jpg?resize=297%2C300&#038;ssl=1\" alt=\"\" width=\"297\" height=\"300\"  data-recalc-dims=\"1\" srcset=\"https:\/\/i0.wp.com\/www.anamaclaren.com\/wp-content\/uploads\/2016\/01\/Capture.jpg?w=561&amp;ssl=1 561w, https:\/\/i0.wp.com\/www.anamaclaren.com\/wp-content\/uploads\/2016\/01\/Capture.jpg?resize=297%2C300&amp;ssl=1 297w, https:\/\/i0.wp.com\/www.anamaclaren.com\/wp-content\/uploads\/2016\/01\/Capture.jpg?resize=50%2C50&amp;ssl=1 50w\" sizes=\"(max-width: 297px) 100vw, 297px\" \/><img decoding=\"async\" loading=\"lazy\" class=\"alignnone size-medium wp-image-2428\" src=\"https:\/\/i0.wp.com\/www.anamaclaren.com\/wp-content\/uploads\/2016\/01\/Capture.png?resize=278%2C300&#038;ssl=1\" alt=\"\" width=\"278\" height=\"300\"  data-recalc-dims=\"1\" srcset=\"https:\/\/i0.wp.com\/www.anamaclaren.com\/wp-content\/uploads\/2016\/01\/Capture.png?w=562&amp;ssl=1 562w, https:\/\/i0.wp.com\/www.anamaclaren.com\/wp-content\/uploads\/2016\/01\/Capture.png?resize=278%2C300&amp;ssl=1 278w\" sizes=\"(max-width: 278px) 100vw, 278px\" \/><\/p>\n<h2><em><strong><span style=\"color: #000080;\">Confec\u00e7\u00e3o, venda e aluguel de perucas, apliques e posti\u00e7os para filmagens, TV, Teatro, TCC e eventos. <\/span><\/strong><span style=\"color: #ff0000;\">&nbsp;<\/span><\/em><\/h2>\n<p>A confec\u00e7\u00e3o e o prazo vai depender da agenda que estiver dispon\u00edvel.<\/p>\n<p><span style=\"color: #000080;\"><em><strong>atendimento@anamaclaren.com <\/strong><\/em><\/span><\/p>\n<p><span style=\"font-size: inherit;\">Favor preencher dados no contato com RG para solicita\u00e7\u00e3o de visita na nossa loja f\u00edsica e para emiss\u00e3o de nota fiscal no caso das vendas que ser\u00e3o enviadas pelos correios.<\/span><\/p>\n<p class=\"inserted\">Apresentamos dentes de vampiro importado. Kit com cola do fornecedor. Visite a loja.<\/p>\n<p class=\"inserted\"><span style=\"color: #000080;\"><em>Confec\u00e7\u00e3o de barbas e bigodes:<\/em><\/span>&nbsp; O trabalho que fazemos tem como complemento todo o treinamento e assessoria da caracteriza\u00e7\u00e3o. Orientamos desde a tiragem de medidas do maxilar e bu\u00e7o e proporcionamos o acompanhamento do cliente na confec\u00e7\u00e3o atrav\u00e9s das fotos sendo enviadas.&nbsp;<\/p>\n<p>O mesmo processo da confec\u00e7\u00e3o das barbas, serve tamb\u00e9m para a confec\u00e7\u00e3o das perucas.<\/p>\n<p>Aplica\u00e7\u00e3o com instru\u00e7\u00f5es e orienta\u00e7\u00f5es para a manuten\u00e7\u00e3o das pe\u00e7as<span style=\"color: #00ff00;\"> VIA WHATSAPP.<\/span><\/p>\n<p class=\"inserted\">Enviamos pelos <span style=\"color: #ff9900;\">CORREIOS,<\/span>&nbsp; <span style=\"color: #000080;\">LATAM<\/span>,<span style=\"color: #000080;\">&nbsp;FENIX CARGO e pelo S<u><i>UPERFRETE<\/i><\/u><\/span>.<\/p>\n<p class=\"inserted\">\n<\/p><p class=\"inserted\">\n<\/p><p><!-- wp:paragraph --><\/p>\n<p><!-- \/wp:paragraph --><\/p>\t\t\t\t\t<\/div>\n\t\t\t\t\t\t<\/div>\n\t\t\t\t<\/div>\n\t\t\t\t\t\t<\/div>\n\t\t\t\t\t<\/div>\n\t\t<\/div>\n\t\t\t\t\t\t\t\t<\/div>\n\t\t\t\t\t<\/div>\n\t\t<\/section>\n\t\t\t\t<section class=\"elementor-section elementor-top-section elementor-element elementor-element-507117b elementor-section-boxed elementor-section-height-default elementor-section-height-default\" data-id=\"507117b\" data-element_type=\"section\">\n\t\t\t\t\t\t<div class=\"elementor-container elementor-column-gap-default\">\n\t\t\t\t\t\t\t<div class=\"elementor-row\">\n\t\t\t\t\t<div class=\"elementor-column elementor-col-50 elementor-top-column elementor-element elementor-element-f739d94\" data-id=\"f739d94\" data-element_type=\"column\">\n\t\t\t<div class=\"elementor-column-wrap\">\n\t\t\t\t\t\t\t<div class=\"elementor-widget-wrap\">\n\t\t\t\t\t\t\t\t<\/div>\n\t\t\t\t\t<\/div>\n\t\t<\/div>\n\t\t\t\t<div class=\"elementor-column elementor-col-50 elementor-top-column elementor-element elementor-element-0496614\" data-id=\"0496614\" data-element_type=\"column\">\n\t\t\t<div class=\"elementor-column-wrap\">\n\t\t\t\t\t\t\t<div class=\"elementor-widget-wrap\">\n\t\t\t\t\t\t\t\t<\/div>\n\t\t\t\t\t<\/div>\n\t\t<\/div>\n\t\t\t\t\t\t\t\t<\/div>\n\t\t\t\t\t<\/div>\n\t\t<\/section>\n\t\t\t\t\t\t\t\t\t<\/div>\n\t\t\t<\/div>\n\t\t\t\t\t<\/div>\n\t\t","protected":false},"excerpt":{"rendered":"<p>Chegaram colas da Ben Nye Confec\u00e7\u00e3o, venda e aluguel de perucas, apliques e posti\u00e7os para filmagens, TV, Teatro, TCC e eventos. &nbsp; A confec\u00e7\u00e3o e o prazo vai depender da<\/p>\n","protected":false},"author":1,"featured_media":0,"parent":0,"menu_order":0,"comment_status":"closed","ping_status":"closed","template":"","meta":{"jetpack_post_was_ever_published":false},"jetpack_sharing_enabled":true,"jetpack_shortlink":"https:\/\/wp.me\/P4R3nC-v","_links":{"self":[{"href":"https:\/\/www.anamaclaren.com\/index.php?rest_route=\/wp\/v2\/pages\/31"}],"collection":[{"href":"https:\/\/www.anamaclaren.com\/index.php?rest_route=\/wp\/v2\/pages"}],"about":[{"href":"https:\/\/www.anamaclaren.com\/index.php?rest_route=\/wp\/v2\/types\/page"}],"author":[{"embeddable":true,"href":"https:\/\/www.anamaclaren.com\/index.php?rest_route=\/wp\/v2\/users\/1"}],"replies":[{"embeddable":true,"href":"https:\/\/www.anamaclaren.com\/index.php?rest_route=%2Fwp%2Fv2%2Fcomments&post=31"}],"version-history":[{"count":41,"href":"https:\/\/www.anamaclaren.com\/index.php?rest_route=\/wp\/v2\/pages\/31\/revisions"}],"predecessor-version":[{"id":4230,"href":"https:\/\/www.anamaclaren.com\/index.php?rest_route=\/wp\/v2\/pages\/31\/revisions\/4230"}],"wp:attachment":[{"href":"https:\/\/www.anamaclaren.com\/index.php?rest_route=%2Fwp%2Fv2%2Fmedia&parent=31"}],"curies":[{"name":"wp","href":"https:\/\/api.w.org\/{rel}","templated":true}]}}