{"id":1881,"date":"2017-06-30T16:40:42","date_gmt":"2017-06-30T07:40:42","guid":{"rendered":"https:\/\/anamaclaren.com\/?page_id=1881"},"modified":"2023-09-01T12:19:36","modified_gmt":"2023-09-01T03:19:36","slug":"carrinho","status":"publish","type":"page","link":"https:\/\/www.anamaclaren.com\/?page_id=1881","title":{"rendered":"Carrinho"},"content":{"rendered":"\n<p>Os pedidos precisam ser solicitados pelo email, devido \u00e0s invas\u00f5es de hackers.<\/p>\n\n\n\n<p>Estamos trabalhando para que isto n\u00e3o aconte\u00e7a.<\/p>\n\n\n\n<pre id=\"tw-target-text\" class=\"wp-block-preformatted\">We are working on this to avoid this inconvenience.<\/pre>\n\n\n\n<pre id=\"tw-target-text\" class=\"wp-block-preformatted\">Orders need to be requested by email, due to hacker invasions.\n\n\natendimento@anamaclaren.com\nbrazilkorea2014@gmail.com<\/pre>\n\n\n<p><strong><div class=\"woocommerce\"><div class=\"woocommerce-notices-wrapper\"><\/div><p class=\"cart-empty woocommerce-info\">Your cart is currently empty.<\/p>\t<p class=\"return-to-shop\">\n\t\t<a class=\"button wc-backward wp-element-button\" href=\"https:\/\/www.anamaclaren.com\/?page_id=1880\">\n\t\t\tReturn to shop\t\t<\/a>\n\t<\/p>\n<\/div><\/p>","protected":false},"excerpt":{"rendered":"<p>Os pedidos precisam ser solicitados pelo email, devido \u00e0s invas\u00f5es de hackers. Estamos trabalhando para que isto n\u00e3o aconte\u00e7a. We are working on this to avoid this inconvenience. Orders need<\/p>\n","protected":false},"author":1,"featured_media":0,"parent":0,"menu_order":0,"comment_status":"closed","ping_status":"closed","template":"","meta":{"jetpack_post_was_ever_published":false},"jetpack_sharing_enabled":true,"jetpack_shortlink":"https:\/\/wp.me\/P4R3nC-ul","_links":{"self":[{"href":"https:\/\/www.anamaclaren.com\/index.php?rest_route=\/wp\/v2\/pages\/1881"}],"collection":[{"href":"https:\/\/www.anamaclaren.com\/index.php?rest_route=\/wp\/v2\/pages"}],"about":[{"href":"https:\/\/www.anamaclaren.com\/index.php?rest_route=\/wp\/v2\/types\/page"}],"author":[{"embeddable":true,"href":"https:\/\/www.anamaclaren.com\/index.php?rest_route=\/wp\/v2\/users\/1"}],"replies":[{"embeddable":true,"href":"https:\/\/www.anamaclaren.com\/index.php?rest_route=%2Fwp%2Fv2%2Fcomments&post=1881"}],"version-history":[{"count":7,"href":"https:\/\/www.anamaclaren.com\/index.php?rest_route=\/wp\/v2\/pages\/1881\/revisions"}],"predecessor-version":[{"id":4139,"href":"https:\/\/www.anamaclaren.com\/index.php?rest_route=\/wp\/v2\/pages\/1881\/revisions\/4139"}],"wp:attachment":[{"href":"https:\/\/www.anamaclaren.com\/index.php?rest_route=%2Fwp%2Fv2%2Fmedia&parent=1881"}],"curies":[{"name":"wp","href":"https:\/\/api.w.org\/{rel}","templated":true}]}}